{"id":957,"date":"2015-12-01T09:17:27","date_gmt":"2015-12-01T08:17:27","guid":{"rendered":"http:\/\/serwer1786845.home.pl\/?page_id=957"},"modified":"2025-03-13T16:16:44","modified_gmt":"2025-03-13T16:16:44","slug":"citrix","status":"publish","type":"page","link":"https:\/\/atom-tech.pl\/index.php\/citrix\/","title":{"rendered":"Citrix"},"content":{"rendered":"<p>[et_pb_section fb_built=&#8221;1&#8243; fullwidth=&#8221;on&#8221; custom_padding_last_edited=&#8221;on|desktop&#8221; _builder_version=&#8221;4.16&#8243; background_color=&#8221;#116ebf&#8221; background_image=&#8221;https:\/\/www.atom-tech.pl\/wp-content\/uploads\/2015\/05\/menu_subpage.jpg&#8221; custom_padding_tablet=&#8221;50px|0|50px|0&#8243; custom_padding_phone=&#8221;50px|0|50px|0&#8243; transparent_background=&#8221;off&#8221; padding_mobile=&#8221;off&#8221; make_fullwidth=&#8221;off&#8221; use_custom_width=&#8221;off&#8221; width_unit=&#8221;on&#8221; global_colors_info=&#8221;{}&#8221;][et_pb_fullwidth_header title=&#8221;Citrix&#8221; subhead=&#8221;Firma Atom-tech oferuje pe\u0142n\u0105 obs\u0142ug\u0119 technologii firmy Citrix, poczynaj\u0105c od doboru rozwi\u0105za\u0144 i produkt\u00f3w, poprzez us\u0142ugi wdro\u017cenia i obs\u0142ugi, na wsparciu technicznym i konsultacjach ko\u0144cz\u0105c.&#8221; content_max_width=&#8221;none&#8221; admin_label=&#8221;Fullwidth Header&#8221; _builder_version=&#8221;4.27.4&#8243; background_color=&#8221;rgba(255, 255, 255, 0)&#8221; hover_enabled=&#8221;0&#8243; button_one_letter_spacing_hover=&#8221;0&#8243; button_two_letter_spacing_hover=&#8221;0&#8243; global_colors_info=&#8221;{}&#8221; button_one_text_size__hover_enabled=&#8221;off&#8221; button_two_text_size__hover_enabled=&#8221;off&#8221; button_one_text_color__hover_enabled=&#8221;off&#8221; button_two_text_color__hover_enabled=&#8221;off&#8221; button_one_border_width__hover_enabled=&#8221;off&#8221; button_two_border_width__hover_enabled=&#8221;off&#8221; button_one_border_color__hover_enabled=&#8221;off&#8221; button_two_border_color__hover_enabled=&#8221;off&#8221; button_one_border_radius__hover_enabled=&#8221;off&#8221; button_two_border_radius__hover_enabled=&#8221;off&#8221; button_one_letter_spacing__hover_enabled=&#8221;on&#8221; button_one_letter_spacing__hover=&#8221;0&#8243; button_two_letter_spacing__hover_enabled=&#8221;on&#8221; button_two_letter_spacing__hover=&#8221;0&#8243; button_one_bg_color__hover_enabled=&#8221;off&#8221; button_two_bg_color__hover_enabled=&#8221;off&#8221; sticky_enabled=&#8221;0&#8243;][\/et_pb_fullwidth_header][\/et_pb_section][et_pb_section fb_built=&#8221;1&#8243; _builder_version=&#8221;4.16&#8243; global_colors_info=&#8221;{}&#8221;][et_pb_row _builder_version=&#8221;4.16&#8243; background_size=&#8221;initial&#8221; background_position=&#8221;top_left&#8221; background_repeat=&#8221;repeat&#8221; global_colors_info=&#8221;{}&#8221;][et_pb_column type=&#8221;4_4&#8243; _builder_version=&#8221;4.16&#8243; custom_padding=&#8221;|||&#8221; global_colors_info=&#8221;{}&#8221; custom_padding__hover=&#8221;|||&#8221;][et_pb_accordion admin_label=&#8221;Harmonijka&#8221; _builder_version=&#8221;4.16&#8243; use_border_color=&#8221;off&#8221; border_color=&#8221;#ffffff&#8221; border_style=&#8221;solid&#8221; global_colors_info=&#8221;{}&#8221;][et_pb_accordion_item title=&#8221;Citrix XenDesktop &#8221; open=&#8221;on&#8221; _builder_version=&#8221;4.16&#8243; global_colors_info=&#8221;{}&#8221;]Citrix XenDesktop to rozwi\u0105zanie do wirtualizacji stanowisk pracy umo\u017cliwiaj\u0105ca korzystanie z pulpit\u00f3w i aplikacji systemu Windows jako us\u0142ugi na \u017c\u0105danie na dowolnym urz\u0105dzeniu i w ka\u017cdej lokalizacji. XenDesktop zapewnia szybki i bezpieczny dost\u0119p do ka\u017cdego typu wirtualnych stanowisk pracy, systemu Windows, aplikacji dzia\u0142aj\u0105cych w sieci WWW i us\u0142udze SaaS z komputer\u00f3w PC, Mac, tablet\u00f3w, smartfon\u00f3w, laptop\u00f3w i cienkich klient\u00f3w, przy wysokim komforcie pracy. Technologia udost\u0119pniania Citrix FlexCast umo\u017cliwia dzia\u0142om IT pomini\u0119cie ogranicze\u0144 infrastruktury VDI i korzystanie z wirtualnych stanowisk pracy wszystkim u\u017cytkownikom, w tym pracownikom zadaniowym, pracownikom mobilnym, u\u017cytkownikom zaawansowanym (kt\u00f3rzy stosuj\u0105 zaawansowane w\u0142a\u015bciwo\u015bci aplikacji) i podwykonawcom. Rozwi\u0105zanie XenDesktop u\u0142atwia dzia\u0142om IT szybkie dostosowanie si\u0119 do dzia\u0142a\u0144 firmy, na przyk\u0142ad przenoszenie proces\u00f3w biznesowych poza granic\u0119 kraju, fuzje i przej\u0119cia czy zwi\u0119kszanie liczby oddzia\u0142\u00f3w. Jest to mo\u017cliwe dzi\u0119ki u\u0142atwionemu udost\u0119pnianiu wirtualnych stanowisk pracy oraz umo\u017cliwieniu u\u017cytkownikom pracy zdalnej. Otwarta, skalowalna i sprawdzona architektura znacznie upraszcza zarz\u0105dzanie wirtualnymi stanowiskami pracy, zapewnianie pomocy technicznej i integracj\u0119 system\u00f3w, umo\u017cliwia optymalizacj\u0119 wydajno\u015bci, zwi\u0119kszenie bezpiecze\u0144stwa i obni\u017cenie koszt\u00f3w.[\/et_pb_accordion_item][et_pb_accordion_item title=&#8221;Citrix XenApp &#8221; _builder_version=&#8221;4.16&#8243; global_colors_info=&#8221;{}&#8221; open=&#8221;off&#8221;]Citrix XenApp to rozwi\u0105zanie do udost\u0119pniania aplikacji na \u017c\u0105danie umo\u017cliwiaj\u0105ce wirtualizacj\u0119, centralizacj\u0119 i zarz\u0105dzanie w centrum danych oraz udost\u0119pnienie dowolnej aplikacji dla systemu Windows jako us\u0142ugi u\u017cytkownikom pracuj\u0105cym na wybranym urz\u0105dzeniu. Rozwi\u0105zanie XenApp zmniejsza koszty zarz\u0105dzania aplikacjami nawet o 50 procent, skraca czas reakcji dzia\u0142u IT w przypadku udost\u0119pniania aplikacji u\u017cytkownikom rozproszonym oraz poprawia bezpiecze\u0144stwo aplikacji i danych. XenApp umo\u017cliwia dzia\u0142om IT zarz\u0105dzanie instancjami ka\u017cdej aplikacji oraz ich wirtualizacj\u0119 w celu udost\u0119pnienia u\u017cytkownikom w trybie online i offline przy zapewnieniu wysokiego komfortu pracy. Gwarantuje to dost\u0119pno\u015b\u0107 aplikacji na poziomie 99,999 sprawdzon\u0105 podczas korzystania z 25 milion\u00f3w aplikacji przez ponad 100 milion\u00f3w u\u017cytkownik\u00f3w na ca\u0142ym \u015bwiecie.[\/et_pb_accordion_item][et_pb_accordion_item title=&#8221;Citrix NetScaler &#8221; _builder_version=&#8221;4.16&#8243; global_colors_info=&#8221;{}&#8221; open=&#8221;off&#8221;]Citrix NetScaler pi\u0119ciokrotnie przyspiesza dzia\u0142anie aplikacji i us\u0142ug opartych na chmurze dzi\u0119ki odci\u0105\u017caniu aplikacji i serwer\u00f3w baz danych, zwi\u0119kszeniu wydajno\u015bci aplikacji i us\u0142ug oraz integracji zabezpiecze\u0144. Citrix NetScaler to kompleksowy system dzia\u0142aj\u0105cy jako fronton sieci WWW i serwer\u00f3w baz danych, kt\u00f3ry \u0142\u0105czy funkcje szybkiego r\u00f3wnowa\u017cenia obci\u0105\u017cenia i prze\u0142\u0105czania zawarto\u015bci, kompresji danych, buforowania zawarto\u015bci, akceleracji SSL, optymalizacji sieci oraz dost\u0119pno\u015bci i zabezpiecze\u0144 aplikacji. Zastosowanie oprogramowania NetScaler w celu utworzenia struktury dostarczania us\u0142ug obejmuj\u0105cej przedsi\u0119biorstwo i centra danych w chmurze powoduje, \u017ce chmura staje si\u0119 transparentnym rozszerzeniem sieci firmowej. Organizacje IT mog\u0105 zintegrowa\u0107 istniej\u0105ce procesy i narz\u0119dzia z us\u0142ugami opartymi na chmurze zastosowanymi w firmie.[\/et_pb_accordion_item][et_pb_accordion_item title=&#8221;Citrix XenServer &#8221; _builder_version=&#8221;4.16&#8243; global_colors_info=&#8221;{}&#8221; open=&#8221;off&#8221;]Citrix XenServer to przeznaczona dla przedsi\u0119biorstw i dzia\u0142aj\u0105ca w chmurze platforma wirtualizacji udost\u0119pniaj\u0105ca wszystkie funkcje wymagane do utworzenia i zarz\u0105dzania infrastruktur\u0105 wirtualn\u0105 za niewielk\u0105 cz\u0119\u015b\u0107 koszt\u00f3w innych rozwi\u0105za\u0144. Organizacje o dowolnej wielko\u015bci mog\u0105 zainstalowa\u0107 oprogramowanie XenServer w ci\u0105gu dziesi\u0119ciu minut w celu wirtualizacji nawet najbardziej wymagaj\u0105cych dzia\u0142a\u0144 i zautomatyzowa\u0107 procesy zarz\u0105dzania, zwi\u0119kszaj\u0105c uniwersalno\u015b\u0107 i wydajno\u015b\u0107 infrastruktury IT i obni\u017caj\u0105c koszty. Uaktualnienie do najbardziej rozbudowanej wersji programu XenServer umo\u017cliwia klientom korzystanie z bogatego zestawu funkcji zarz\u0105dzania i automatyzacji u\u0142atwiaj\u0105cych tworzenie wirtualnego centrum obliczeniowego.[\/et_pb_accordion_item][et_pb_accordion_item title=&#8221;ShareFile&#8221; _builder_version=&#8221;4.16&#8243; global_colors_info=&#8221;{}&#8221; open=&#8221;off&#8221;]ShareFile to dostosowane do wymaga\u0144 klienta rozwi\u0105zanie do udost\u0119pniania plik\u00f3w oferuj\u0105ce mn\u00f3stwo zaawansowanych funkcji. Umo\u017cliwia wysy\u0142anie i odbieranie plik\u00f3w o wielko\u015bci do 10 GB. Jest szybkie i ekonomiczne w por\u00f3wnaniu w por\u00f3wnaniu do przesy\u0142ek pocztowych oraz kurierskich i umo\u017cliwia korzystanie z dost\u0119pnego 24 godziny na dob\u0119\/7 dni w tygodniu portalu w celu uzyskania dost\u0119pu do plik\u00f3w.[\/et_pb_accordion_item][et_pb_accordion_item title=&#8221;Citrix CloudStack&#8221; _builder_version=&#8221;4.16&#8243; global_colors_info=&#8221;{}&#8221; open=&#8221;off&#8221;]Citrix CloudStack to oprogramowanie open source napisane w j\u0119zyku Java, kt\u00f3re s\u0142u\u017cy do wdra\u017cania i zarz\u0105dzania du\u017cymi sieciami maszyn wirtualnych jako skalowaln\u0105 platform\u0105 obliczeniow\u0105 o wysokiej dost\u0119pno\u015bci w chmurze. Oprogramowanie CloudStack obs\u0142uguje obecnie najbardziej popularne funkcje hypervisor: VMware, Oracle VM, KVM, XenServer i Xen Cloud Platform.[\/et_pb_accordion_item][\/et_pb_accordion][\/et_pb_column][\/et_pb_row][et_pb_row _builder_version=&#8221;4.16&#8243; background_size=&#8221;initial&#8221; background_position=&#8221;top_left&#8221; background_repeat=&#8221;repeat&#8221; global_colors_info=&#8221;{}&#8221;][et_pb_column type=&#8221;4_4&#8243; _builder_version=&#8221;4.16&#8243; custom_padding=&#8221;|||&#8221; global_colors_info=&#8221;{}&#8221; custom_padding__hover=&#8221;|||&#8221;][et_pb_image alt=&#8221;loga partnerzy&#8221; title_text=&#8221;loga partnerow&#8221; show_bottom_space=&#8221;off&#8221; align_tablet=&#8221;center&#8221; align_phone=&#8221;center&#8221; align_last_edited=&#8221;on|desktop&#8221; admin_label=&#8221;loga partnerow&#8221; _builder_version=&#8221;4.17.2&#8243; use_border_color=&#8221;off&#8221; border_color=&#8221;#ffffff&#8221; border_style=&#8221;solid&#8221; animation=&#8221;off&#8221; sticky=&#8221;on&#8221; always_center_on_mobile=&#8221;on&#8221; global_colors_info=&#8221;{}&#8221;][\/et_pb_image][\/et_pb_column][\/et_pb_row][\/et_pb_section]<\/p>\n","protected":false},"excerpt":{"rendered":"<p>Citrix XenDesktop to rozwi\u0105zanie do wirtualizacji stanowisk pracy umo\u017cliwiaj\u0105ca korzystanie z pulpit\u00f3w i aplikacji systemu Windows jako us\u0142ugi na \u017c\u0105danie na dowolnym urz\u0105dzeniu i w ka\u017cdej lokalizacji. XenDesktop zapewnia szybki i bezpieczny dost\u0119p do ka\u017cdego typu wirtualnych stanowisk pracy, systemu Windows, aplikacji dzia\u0142aj\u0105cych w sieci WWW i us\u0142udze SaaS z komputer\u00f3w PC, Mac, tablet\u00f3w, smartfon\u00f3w, [&hellip;]<\/p>\n","protected":false},"author":2,"featured_media":0,"parent":0,"menu_order":0,"comment_status":"closed","ping_status":"closed","template":"","meta":{"_et_pb_use_builder":"on","_et_pb_old_content":"","_et_gb_content_width":"","footnotes":""},"class_list":["post-957","page","type-page","status-publish","hentry"],"_links":{"self":[{"href":"https:\/\/atom-tech.pl\/index.php\/wp-json\/wp\/v2\/pages\/957","targetHints":{"allow":["GET"]}}],"collection":[{"href":"https:\/\/atom-tech.pl\/index.php\/wp-json\/wp\/v2\/pages"}],"about":[{"href":"https:\/\/atom-tech.pl\/index.php\/wp-json\/wp\/v2\/types\/page"}],"author":[{"embeddable":true,"href":"https:\/\/atom-tech.pl\/index.php\/wp-json\/wp\/v2\/users\/2"}],"replies":[{"embeddable":true,"href":"https:\/\/atom-tech.pl\/index.php\/wp-json\/wp\/v2\/comments?post=957"}],"version-history":[{"count":1,"href":"https:\/\/atom-tech.pl\/index.php\/wp-json\/wp\/v2\/pages\/957\/revisions"}],"predecessor-version":[{"id":6634,"href":"https:\/\/atom-tech.pl\/index.php\/wp-json\/wp\/v2\/pages\/957\/revisions\/6634"}],"wp:attachment":[{"href":"https:\/\/atom-tech.pl\/index.php\/wp-json\/wp\/v2\/media?parent=957"}],"curies":[{"name":"wp","href":"https:\/\/api.w.org\/{rel}","templated":true}]}}