{"id":59,"date":"2015-05-08T19:00:26","date_gmt":"2015-05-08T17:00:26","guid":{"rendered":"http:\/\/serwer1383533.home.pl\/atom_wp\/?page_id=59"},"modified":"2015-05-08T19:00:26","modified_gmt":"2015-05-08T17:00:26","slug":"kontakt","status":"publish","type":"page","link":"https:\/\/atom-tech.pl\/index.php\/kontakt\/","title":{"rendered":"KONTAKT"},"content":{"rendered":"<p>[et_pb_section fb_built=&#8221;1&#8243; fullwidth=&#8221;on&#8221; _builder_version=&#8221;4.16&#8243; background_color=&#8221;#ffffff&#8221; transparent_background=&#8221;off&#8221; global_colors_info=&#8221;{}&#8221;][et_pb_fullwidth_image src=&#8221;https:\/\/www.atom-tech.pl\/wp-content\/uploads\/2015\/05\/IT_ludzki-wymiar1.jpg&#8221; alt=&#8221;IT w ludzkim wymiarze&#8221; title_text=&#8221;IT w ludzkim wymiarze&#8221; admin_label=&#8221;Fullwidth Image&#8221; _builder_version=&#8221;4.16&#8243; animation_style=&#8221;slide&#8221; animation_direction=&#8221;left&#8221; animation_duration=&#8221;500ms&#8221; animation_intensity_slide=&#8221;10%&#8221; use_border_color=&#8221;off&#8221; border_color=&#8221;#ffffff&#8221; border_style=&#8221;solid&#8221; animation=&#8221;left&#8221; global_colors_info=&#8221;{}&#8221;][\/et_pb_fullwidth_image][et_pb_fullwidth_header title=&#8221;Kontakt do nas&#8221; content_max_width=&#8221;none&#8221; admin_label=&#8221;Kontakt&#8221; _builder_version=&#8221;4.18.0&#8243; background_color=&#8221;rgba(255, 255, 255, 0)&#8221; background_layout=&#8221;light&#8221; button_one_letter_spacing_hover=&#8221;0&#8243; button_two_letter_spacing_hover=&#8221;0&#8243; global_colors_info=&#8221;{}&#8221; button_one_text_size__hover_enabled=&#8221;off&#8221; button_two_text_size__hover_enabled=&#8221;off&#8221; button_one_text_color__hover_enabled=&#8221;off&#8221; button_two_text_color__hover_enabled=&#8221;off&#8221; button_one_border_width__hover_enabled=&#8221;off&#8221; button_two_border_width__hover_enabled=&#8221;off&#8221; button_one_border_color__hover_enabled=&#8221;off&#8221; button_two_border_color__hover_enabled=&#8221;off&#8221; button_one_border_radius__hover_enabled=&#8221;off&#8221; button_two_border_radius__hover_enabled=&#8221;off&#8221; button_one_letter_spacing__hover_enabled=&#8221;on&#8221; button_one_letter_spacing__hover=&#8221;0&#8243; button_two_letter_spacing__hover_enabled=&#8221;on&#8221; button_two_letter_spacing__hover=&#8221;0&#8243; button_one_bg_color__hover_enabled=&#8221;off&#8221; button_two_bg_color__hover_enabled=&#8221;off&#8221;]<\/p>\n<p>&nbsp;<\/p>\n<div class=\"et_pb_module et_pb_text et_pb_text_2 et_pb_text_align_left et_pb_bg_layout_light\">\n<div class=\"et_pb_text_inner\">\n<hr \/>\n<\/div>\n<\/div>\n<div class=\"et_pb_module et_pb_text et_pb_text_2 et_pb_text_align_left et_pb_bg_layout_light\">\n<div class=\"et_pb_text_inner\">\n<p>&nbsp;<\/p>\n<\/div>\n<\/div>\n<p>[\/et_pb_fullwidth_header][\/et_pb_section][et_pb_section fb_built=&#8221;1&#8243; _builder_version=&#8221;4.16&#8243; background_color=&#8221;#ffffff&#8221; transparent_background=&#8221;off&#8221; global_colors_info=&#8221;{}&#8221;][et_pb_row column_structure=&#8221;2_3,1_3&#8243; _builder_version=&#8221;4.16&#8243; background_size=&#8221;initial&#8221; background_position=&#8221;top_left&#8221; background_repeat=&#8221;repeat&#8221; global_colors_info=&#8221;{}&#8221;][et_pb_column type=&#8221;2_3&#8243; _builder_version=&#8221;4.16&#8243; custom_padding=&#8221;|||&#8221; global_colors_info=&#8221;{}&#8221; custom_padding__hover=&#8221;|||&#8221;][et_pb_text admin_label=&#8221;Tekst&#8221; _builder_version=&#8221;4.21.0&#8243; background_size=&#8221;initial&#8221; background_position=&#8221;top_left&#8221; background_repeat=&#8221;repeat&#8221; use_border_color=&#8221;off&#8221; border_color=&#8221;#ffffff&#8221; border_style=&#8221;solid&#8221; global_colors_info=&#8221;{}&#8221;]<\/p>\n<p>Atom-tech Sp. z o.o. informuje, \u017ce kontaktuj\u0105c si\u0119 z nasz\u0105 firm\u0105 wyra\u017ca Pani\/Pan zgod\u0119 na przetwarzanie danych osobowych zgodnie z ustaw\u0105 o ochronie danych osobowych. Podanie danych jest dobrowolne ale niezb\u0119dne do przetworzenia zapytania. Przys\u0142uguje Pani\/Panu prawo dost\u0119pu do swoich danych, mo\u017cliwo\u015b\u0107 ich poprawienia, \u017c\u0105dania zaprzestania ich przetwarzania.<br \/>Administratorem danych osobowych jest Atom-tech sp z o.o. z siedzib\u0105 przy ulicy al. Jana Paw\u0142a II 22, 00-133 Warszawa.<\/p>\n<p>&nbsp;<\/p>\n<div class='et-learn-more clearfix'>\n\t\t\t\t\t<h3 class='heading-more'>Klauzula Informacyjna Administratora Danych <span class='et_learnmore_arrow'><span><\/span><\/span><\/h3>\n\t\t\t\t\t<div class='learn-more-content'><p>Zgodnie z art. 13 og\u00f3lnego rozporz\u0105dzenia o ochronie danych osobowych z dnia 27 kwietnia 2016 r. (Dz. Urz. UE L 119 z 04.05.2016) informuj\u0119, i\u017c:<\/p>\n<p>1) administratorem Pani\/Pana danych osobowych jest Atom-tech sp. z o.o. z siedzib\u0105 przy ulicy al. Jana Paw\u0142a II 22, 00-133 Warszawa.<\/p>\n<p>2) Pani\/Pana dane osobowe przetwarzane b\u0119d\u0105 w celu nawi\u0105zania kontaktu na podstawie Art. 6 ust. 1 lit. f og\u00f3lnego rozporz\u0105dzenia o ochronie danych osobowych z dnia 27 kwietnia 2016 r. jako usprawiedliwionego interesu administratora<\/p>\n<p>3) odbiorcami Pani\/Pana danych osobowych b\u0119d\u0105 wy\u0142\u0105cznie podmioty uprawnione do uzyskania danych osobowych na podstawie przepis\u00f3w prawa oraz podmioty b\u0119d\u0105ce zaanga\u017cowane w kontakt<\/p>\n<p>4) Pani\/Pana dane osobowe przechowywane b\u0119d\u0105 przez okres 2 lat<\/p>\n<p>5) posiada Pani\/Pan prawo do \u017c\u0105dania od administratora dost\u0119pu do danych osobowych, prawo do ich sprostowania usuni\u0119cia lub ograniczenia przetwarzania<\/p>\n<p>6) ma Pani\/Pan prawo wniesienia skargi do organu nadzorczego<\/p>\n<p>7) podanie danych osobowych jest dobrowolne, jednak\u017ce niepodanie danych mo\u017ce skutkowa\u0107 niemo\u017cliwo\u015bci\u0105 nawi\u0105zania kontaktu<\/div>\n\t\t\t\t<\/div>\n<p>[\/et_pb_text][\/et_pb_column][et_pb_column type=&#8221;1_3&#8243; _builder_version=&#8221;4.16&#8243; custom_padding=&#8221;|||&#8221; global_colors_info=&#8221;{}&#8221; custom_padding__hover=&#8221;|||&#8221;][et_pb_text admin_label=&#8221;Text&#8221; _builder_version=&#8221;4.21.0&#8243; background_size=&#8221;initial&#8221; background_position=&#8221;top_left&#8221; background_repeat=&#8221;repeat&#8221; use_border_color=&#8221;off&#8221; border_color=&#8221;#ffffff&#8221; border_style=&#8221;solid&#8221; global_colors_info=&#8221;{}&#8221;]<\/p>\n<hr \/>\n<p><strong>Atom-tech sp. z o.o.<\/strong><\/p>\n<hr \/>\n<p>al. Jana Paw\u0142a II 22<br \/>00-133 Warszawa<\/p>\n<p>email: kontakt[at]atom-tech.pl<\/p>\n<hr \/>\n<p>S\u0105d Rejonowy dla m.st. Warszawy, XII Wydz. Gospodarczy Krajowego Rejestru S\u0105dowego KRS 0000301754, NIP: 527-256-96-62, Kapita\u0142 zak\u0142adowy 50.000 PLN<\/p>\n<div id=\"gtx-trans\" style=\"position: absolute; left: 12px; top: 133.391px;\">\n<div class=\"gtx-trans-icon\">\u00a0<\/div>\n<\/div>\n<p>[\/et_pb_text][et_pb_text admin_label=&#8221;Tekst&#8221; _builder_version=&#8221;4.21.0&#8243; background_size=&#8221;initial&#8221; background_position=&#8221;top_left&#8221; background_repeat=&#8221;repeat&#8221; hover_enabled=&#8221;0&#8243; use_border_color=&#8221;off&#8221; border_color=&#8221;#ffffff&#8221; border_style=&#8221;solid&#8221; global_colors_info=&#8221;{}&#8221; sticky_enabled=&#8221;0&#8243;]<\/p>\n<hr \/>\n<h3><span style=\"color: #333399;\"><span style=\"color: #000000;\">Dzia\u0142 Szkole\u0144<\/span> <\/span><\/h3>\n<p><span style=\"color: #333399;\">email: szkolenia[at]atom-tech.pl<\/span><\/p>\n<hr \/>\n<p>&nbsp;<\/p>\n<p>[\/et_pb_text][\/et_pb_column][\/et_pb_row][et_pb_row _builder_version=&#8221;4.16&#8243; background_size=&#8221;initial&#8221; background_position=&#8221;top_left&#8221; background_repeat=&#8221;repeat&#8221; global_colors_info=&#8221;{}&#8221;][et_pb_column type=&#8221;4_4&#8243; _builder_version=&#8221;4.16&#8243; custom_padding=&#8221;|||&#8221; global_colors_info=&#8221;{}&#8221; custom_padding__hover=&#8221;|||&#8221;][et_pb_image alt=&#8221;loga partnerow&#8221; title_text=&#8221;loga partnerow&#8221; show_bottom_space=&#8221;off&#8221; align_tablet=&#8221;center&#8221; align_phone=&#8221;&#8221; align_last_edited=&#8221;on|desktop&#8221; admin_label=&#8221;loga partnerzy&#8221; _builder_version=&#8221;4.16&#8243; use_border_color=&#8221;off&#8221; border_color=&#8221;#ffffff&#8221; border_style=&#8221;solid&#8221; animation=&#8221;off&#8221; sticky=&#8221;on&#8221; always_center_on_mobile=&#8221;on&#8221; global_colors_info=&#8221;{}&#8221;][\/et_pb_image][\/et_pb_column][\/et_pb_row][\/et_pb_section]<\/p>\n","protected":false},"excerpt":{"rendered":"<p>&nbsp; &nbsp; Atom-tech Sp. z o.o. informuje, \u017ce kontaktuj\u0105c si\u0119 z nasz\u0105 firm\u0105 wyra\u017ca Pani\/Pan zgod\u0119 na przetwarzanie danych osobowych zgodnie z ustaw\u0105 o ochronie danych osobowych. Podanie danych jest dobrowolne ale niezb\u0119dne do przetworzenia zapytania. Przys\u0142uguje Pani\/Panu prawo dost\u0119pu do swoich danych, mo\u017cliwo\u015b\u0107 ich poprawienia, \u017c\u0105dania zaprzestania ich przetwarzania.Administratorem danych osobowych jest Atom-tech sp [&hellip;]<\/p>\n","protected":false},"author":2,"featured_media":0,"parent":0,"menu_order":0,"comment_status":"open","ping_status":"closed","template":"","meta":{"_et_pb_use_builder":"on","_et_pb_old_content":"","_et_gb_content_width":"","footnotes":""},"class_list":["post-59","page","type-page","status-publish","hentry"],"_links":{"self":[{"href":"https:\/\/atom-tech.pl\/index.php\/wp-json\/wp\/v2\/pages\/59","targetHints":{"allow":["GET"]}}],"collection":[{"href":"https:\/\/atom-tech.pl\/index.php\/wp-json\/wp\/v2\/pages"}],"about":[{"href":"https:\/\/atom-tech.pl\/index.php\/wp-json\/wp\/v2\/types\/page"}],"author":[{"embeddable":true,"href":"https:\/\/atom-tech.pl\/index.php\/wp-json\/wp\/v2\/users\/2"}],"replies":[{"embeddable":true,"href":"https:\/\/atom-tech.pl\/index.php\/wp-json\/wp\/v2\/comments?post=59"}],"version-history":[{"count":0,"href":"https:\/\/atom-tech.pl\/index.php\/wp-json\/wp\/v2\/pages\/59\/revisions"}],"wp:attachment":[{"href":"https:\/\/atom-tech.pl\/index.php\/wp-json\/wp\/v2\/media?parent=59"}],"curies":[{"name":"wp","href":"https:\/\/api.w.org\/{rel}","templated":true}]}}