{"id":5818,"date":"2022-07-08T13:12:13","date_gmt":"2022-07-08T11:12:13","guid":{"rendered":"https:\/\/www.atom-tech.pl\/?page_id=5818"},"modified":"2022-07-08T13:12:13","modified_gmt":"2022-07-08T11:12:13","slug":"szkolenia","status":"publish","type":"page","link":"https:\/\/atom-tech.pl\/index.php\/szkolenia\/","title":{"rendered":"Szkolenia"},"content":{"rendered":"<p>[et_pb_section fb_built=&#8221;1&#8243; fullwidth=&#8221;on&#8221; custom_padding_last_edited=&#8221;on|desktop&#8221; _builder_version=&#8221;4.16&#8243; background_color=&#8221;#0a76a9&#8243; background_image=&#8221;https:\/\/www.atom-tech.pl\/wp-content\/uploads\/2015\/05\/menu_subpage.jpg&#8221; custom_padding_tablet=&#8221;50px|0|50px|0&#8243; custom_padding_phone=&#8221;&#8221; transparent_background=&#8221;off&#8221; padding_mobile=&#8221;off&#8221; make_fullwidth=&#8221;off&#8221; use_custom_width=&#8221;off&#8221; width_unit=&#8221;on&#8221; global_colors_info=&#8221;{}&#8221;][et_pb_fullwidth_header title=&#8221;Szkolenia &#8221; subhead=&#8221;Wychodz\u0105c na przeciw rosn\u0105cym potrzebom rynku edukacyjnego,  oferujemy gam\u0119 r\u00f3\u017cnorodnych szkole\u0144 zar\u00f3wno autoryzowanych jak i autorskich.&#8221; content_max_width=&#8221;none&#8221; admin_label=&#8221;Fullwidth Header&#8221; _builder_version=&#8221;4.17.2&#8243; background_color=&#8221;rgba(255, 255, 255, 0)&#8221; global_colors_info=&#8221;{}&#8221; button_one_text_size__hover_enabled=&#8221;off&#8221; button_two_text_size__hover_enabled=&#8221;off&#8221; button_one_text_color__hover_enabled=&#8221;off&#8221; button_two_text_color__hover_enabled=&#8221;off&#8221; button_one_border_width__hover_enabled=&#8221;off&#8221; button_two_border_width__hover_enabled=&#8221;off&#8221; button_one_border_color__hover_enabled=&#8221;off&#8221; button_two_border_color__hover_enabled=&#8221;off&#8221; button_one_border_radius__hover_enabled=&#8221;off&#8221; button_two_border_radius__hover_enabled=&#8221;off&#8221; button_one_letter_spacing__hover_enabled=&#8221;off&#8221; button_two_letter_spacing__hover_enabled=&#8221;off&#8221; button_one_bg_color__hover_enabled=&#8221;off&#8221; button_two_bg_color__hover_enabled=&#8221;off&#8221;][\/et_pb_fullwidth_header][\/et_pb_section][et_pb_section fb_built=&#8221;1&#8243; _builder_version=&#8221;4.16&#8243; background_color=&#8221;#ffffff&#8221; transparent_background=&#8221;off&#8221; global_colors_info=&#8221;{}&#8221;][et_pb_row column_structure=&#8221;1_3,2_3&#8243; _builder_version=&#8221;4.16&#8243; background_size=&#8221;initial&#8221; background_position=&#8221;top_left&#8221; background_repeat=&#8221;repeat&#8221; global_colors_info=&#8221;{}&#8221;][et_pb_column type=&#8221;1_3&#8243; _builder_version=&#8221;4.16&#8243; custom_padding=&#8221;|||&#8221; global_colors_info=&#8221;{}&#8221; custom_padding__hover=&#8221;|||&#8221;][et_pb_text admin_label=&#8221;Tekst&#8221; _builder_version=&#8221;4.17.2&#8243; background_size=&#8221;initial&#8221; background_position=&#8221;top_left&#8221; background_repeat=&#8221;repeat&#8221; global_colors_info=&#8221;{}&#8221;]<\/p>\n<h1><strong><span style=\"color: #0a76a9;\">Naszym celem jest realizowanie szkole\u0144 informatycznych, kt\u00f3re jako\u015bci\u0105 i doborem kadry in\u017cynierskiej sprawiaj\u0105, \u017ce mo\u017cemy by\u0107 dla naszych Klient\u00f3w partnerami w drodze do realizacji swoich cel\u00f3w biznesowych.<\/span><\/strong><\/h1>\n<p>&nbsp;<\/p>\n<p>[\/et_pb_text][\/et_pb_column][et_pb_column type=&#8221;2_3&#8243; _builder_version=&#8221;4.16&#8243; custom_padding=&#8221;|||&#8221; global_colors_info=&#8221;{}&#8221; custom_padding__hover=&#8221;|||&#8221;][et_pb_text admin_label=&#8221;Tekst&#8221; _builder_version=&#8221;4.27.4&#8243; background_size=&#8221;initial&#8221; background_position=&#8221;top_left&#8221; background_repeat=&#8221;repeat&#8221; use_border_color=&#8221;off&#8221; border_color=&#8221;#ffffff&#8221; border_style=&#8221;solid&#8221; global_colors_info=&#8221;{}&#8221;]<\/p>\n<p class=\"glowny\">Oferowane przez <b>Atom-tech<\/b> szkolenia charakteryzuj\u0105 si\u0119 najwy\u017csz\u0105 jako\u015bci\u0105, w oparciu o eksperck\u0105 wiedz\u0119 i do\u015bwiadczenie zespo\u0142u specjalist\u00f3w:<\/p>\n<hr \/>\n<ul>\n<li class=\"glowny\"><a href=\"https:\/\/www.atom-tech.pl\/wariacje-szkoleniowe-zaprojektuj-swoje-szkolenie\/\">Wariacje szkoleniowe &#8211; z nami zaprojektujesz swoje szkolenie!<\/a><\/li>\n<li class=\"glowny\"><a href=\"https:\/\/www.atom-tech.pl\/swiat-devopsow\/\">\u015awiat DevOps\u00f3w<\/a><\/li>\n<li class=\"glowny\"><a href=\"https:\/\/www.atom-tech.pl\/bezpieczenstwo\/\">Bezpiecze\u0144stwo<\/a><\/li>\n<li class=\"glowny\"><a href=\"https:\/\/www.atom-tech.pl\/zarzadzanie\/\">Zarzadzanie<\/a><\/li>\n<li class=\"glowny\"><a href=\"https:\/\/www.atom-tech.pl\/inne-szkolenia-autorskie\/\">\u200bInne Autorskie Szkolenia<\/a><\/li>\n<li class=\"glowny\"><a href=\"https:\/\/www.atom-tech.pl\/szkolenia_ibm\/\">IBM<\/a><\/li>\n<li><a href=\"https:\/\/www.atom-tech.pl\/inne-autoryzowane-szkolenia\/\">Inne Autoryzowane Szkolenia<\/a><\/li>\n<\/ul>\n<p>[\/et_pb_text][\/et_pb_column][\/et_pb_row][et_pb_row _builder_version=&#8221;4.16&#8243; background_size=&#8221;initial&#8221; background_position=&#8221;top_left&#8221; background_repeat=&#8221;repeat&#8221; global_colors_info=&#8221;{}&#8221;][et_pb_column type=&#8221;4_4&#8243; _builder_version=&#8221;4.16&#8243; custom_padding=&#8221;|||&#8221; global_colors_info=&#8221;{}&#8221; custom_padding__hover=&#8221;|||&#8221;][et_pb_image alt=&#8221;loga partnerow&#8221; title_text=&#8221;loga partnerow&#8221; show_bottom_space=&#8221;off&#8221; align_tablet=&#8221;center&#8221; align_phone=&#8221;&#8221; align_last_edited=&#8221;on|desktop&#8221; admin_label=&#8221;loga partnerow&#8221; _builder_version=&#8221;4.16&#8243; use_border_color=&#8221;off&#8221; border_color=&#8221;#ffffff&#8221; border_style=&#8221;solid&#8221; animation=&#8221;off&#8221; sticky=&#8221;on&#8221; always_center_on_mobile=&#8221;on&#8221; global_colors_info=&#8221;{}&#8221;][\/et_pb_image][\/et_pb_column][\/et_pb_row][\/et_pb_section]<\/p>\n","protected":false},"excerpt":{"rendered":"<p>Naszym celem jest realizowanie szkole\u0144 informatycznych, kt\u00f3re jako\u015bci\u0105 i doborem kadry in\u017cynierskiej sprawiaj\u0105, \u017ce mo\u017cemy by\u0107 dla naszych Klient\u00f3w partnerami w drodze do realizacji swoich cel\u00f3w biznesowych. &nbsp;Oferowane przez Atom-tech szkolenia charakteryzuj\u0105 si\u0119 najwy\u017csz\u0105 jako\u015bci\u0105, w oparciu o eksperck\u0105 wiedz\u0119 i do\u015bwiadczenie zespo\u0142u specjalist\u00f3w: Wariacje szkoleniowe &#8211; z nami zaprojektujesz swoje szkolenie! \u015awiat DevOps\u00f3w Bezpiecze\u0144stwo [&hellip;]<\/p>\n","protected":false},"author":2,"featured_media":0,"parent":0,"menu_order":0,"comment_status":"closed","ping_status":"closed","template":"","meta":{"_et_pb_use_builder":"on","_et_pb_old_content":"","_et_gb_content_width":"","footnotes":""},"class_list":["post-5818","page","type-page","status-publish","hentry"],"_links":{"self":[{"href":"https:\/\/atom-tech.pl\/index.php\/wp-json\/wp\/v2\/pages\/5818","targetHints":{"allow":["GET"]}}],"collection":[{"href":"https:\/\/atom-tech.pl\/index.php\/wp-json\/wp\/v2\/pages"}],"about":[{"href":"https:\/\/atom-tech.pl\/index.php\/wp-json\/wp\/v2\/types\/page"}],"author":[{"embeddable":true,"href":"https:\/\/atom-tech.pl\/index.php\/wp-json\/wp\/v2\/users\/2"}],"replies":[{"embeddable":true,"href":"https:\/\/atom-tech.pl\/index.php\/wp-json\/wp\/v2\/comments?post=5818"}],"version-history":[{"count":0,"href":"https:\/\/atom-tech.pl\/index.php\/wp-json\/wp\/v2\/pages\/5818\/revisions"}],"wp:attachment":[{"href":"https:\/\/atom-tech.pl\/index.php\/wp-json\/wp\/v2\/media?parent=5818"}],"curies":[{"name":"wp","href":"https:\/\/api.w.org\/{rel}","templated":true}]}}