{"id":51,"date":"2015-05-08T18:56:49","date_gmt":"2015-05-08T16:56:49","guid":{"rendered":"http:\/\/serwer1383533.home.pl\/atom_wp\/?page_id=51"},"modified":"2015-05-08T18:56:49","modified_gmt":"2015-05-08T16:56:49","slug":"uslugi","status":"publish","type":"page","link":"https:\/\/atom-tech.pl\/index.php\/uslugi\/","title":{"rendered":"US\u0141UGI"},"content":{"rendered":"<p>[et_pb_section fb_built=&#8221;1&#8243; fullwidth=&#8221;on&#8221; custom_padding_last_edited=&#8221;on|desktop&#8221; _builder_version=&#8221;3.22&#8243; background_color=&#8221;#0a76a9&#8243; background_image=&#8221;https:\/\/www.atom-tech.pl\/wp-content\/uploads\/2015\/05\/menu_subpage.jpg&#8221; custom_padding_tablet=&#8221;50px|0|50px|0&#8243; transparent_background=&#8221;off&#8221; padding_mobile=&#8221;off&#8221; make_fullwidth=&#8221;off&#8221; use_custom_width=&#8221;off&#8221; width_unit=&#8221;on&#8221;][et_pb_fullwidth_header title=&#8221;Us\u0142ugi&#8221; subhead=&#8221;Zadania stawiane nam przez naszych Klient\u00f3w realizowane s\u0105 w profesjonalny spos\u00f3b, zgodnie ze \u015bwiatowymi standardami prowadzenia projekt\u00f3w dla nowoczesnego biznesu.&#8221; content_max_width=&#8221;none&#8221; admin_label=&#8221;Fullwidth Header&#8221; _builder_version=&#8221;3.16&#8243; background_color=&#8221;rgba(255, 255, 255, 0)&#8221; button_one_text_size__hover_enabled=&#8221;off&#8221; button_two_text_size__hover_enabled=&#8221;off&#8221; button_one_text_color__hover_enabled=&#8221;off&#8221; button_two_text_color__hover_enabled=&#8221;off&#8221; button_one_border_width__hover_enabled=&#8221;off&#8221; button_two_border_width__hover_enabled=&#8221;off&#8221; button_one_border_color__hover_enabled=&#8221;off&#8221; button_two_border_color__hover_enabled=&#8221;off&#8221; button_one_border_radius__hover_enabled=&#8221;off&#8221; button_two_border_radius__hover_enabled=&#8221;off&#8221; button_one_letter_spacing__hover_enabled=&#8221;off&#8221; button_two_letter_spacing__hover_enabled=&#8221;off&#8221; button_one_bg_color__hover_enabled=&#8221;off&#8221; button_two_bg_color__hover_enabled=&#8221;off&#8221;][\/et_pb_fullwidth_header][\/et_pb_section][et_pb_section fb_built=&#8221;1&#8243; _builder_version=&#8221;3.22&#8243; background_color=&#8221;#ffffff&#8221; transparent_background=&#8221;off&#8221;][et_pb_row _builder_version=&#8221;3.25&#8243; background_size=&#8221;initial&#8221; background_position=&#8221;top_left&#8221; background_repeat=&#8221;repeat&#8221; column_structure=&#8221;1_3,2_3&#8243;][et_pb_column type=&#8221;1_3&#8243; _builder_version=&#8221;3.25&#8243; custom_padding=&#8221;|||&#8221; custom_padding__hover=&#8221;|||&#8221;][et_pb_text admin_label=&#8221;Tekst&#8221; _builder_version=&#8221;3.27.4&#8243; background_size=&#8221;initial&#8221; background_position=&#8221;top_left&#8221; background_repeat=&#8221;repeat&#8221;]<\/p>\n<h1><strong><span style=\"color: #0a76a9;\">Zadania stawiane nam przez naszych Klient\u00f3w realizowane s\u0105 w profesjonalny spos\u00f3b, zgodnie ze \u015bwiatowymi standardami prowadzenia projekt\u00f3w dla nowoczesnego biznesu.<\/span><\/strong><\/h1>\n<p>[\/et_pb_text][\/et_pb_column][et_pb_column type=&#8221;2_3&#8243; _builder_version=&#8221;3.25&#8243; custom_padding=&#8221;|||&#8221; custom_padding__hover=&#8221;|||&#8221;][et_pb_text admin_label=&#8221;Tekst&#8221; _builder_version=&#8221;3.27.4&#8243; background_size=&#8221;initial&#8221; background_position=&#8221;top_left&#8221; background_repeat=&#8221;repeat&#8221; use_border_color=&#8221;off&#8221; border_color=&#8221;#ffffff&#8221; border_style=&#8221;solid&#8221;]<\/p>\n<p class=\"glowny\">Oferowane przez <b>Atom-tech<\/b> us\u0142ugi charakteryzuj\u0105 si\u0119 najwy\u017csz\u0105 jako\u015bci\u0105, w oparciu o eksperck\u0105 wiedz\u0119 i do\u015bwiadczenie zespo\u0142u specjalist\u00f3w:<\/p>\n<hr>\n<ul>\n<li class=\"glowny\"><span style=\"color: #0a76a9;\"><a class=\"dolne_2\" style=\"color: #0a76a9;\" title=\"Bezpiecze\u0144stwo Danych\" href=\"https:\/\/www.atom-tech.pl\/?page_id=95\">Bezpiecze\u0144stwo danych<\/a><\/span><\/li>\n<li class=\"glowny\"><a class=\"dolne_2\" style=\"color: #0a76a9;\" title=\"Audyty\" href=\"https:\/\/www.atom-tech.pl\/?page_id=98\">Audyty<\/a><\/li>\n<li class=\"glowny\"><a class=\"dolne_2\" style=\"color: #0a76a9;\" title=\"Technologie klastrowe\" href=\"https:\/\/www.atom-tech.pl\/?page_id=101\">Technologie klastrowe<\/a><\/li>\n<li class=\"glowny\"><a class=\"dolne_2\" style=\"color: #0a76a9;\" title=\"Cloud computing\" href=\"https:\/\/www.atom-tech.pl\/?page_id=104\">Cloud computing<\/a><\/li>\n<li class=\"glowny\"><a class=\"dolne_2\" style=\"color: #0a76a9;\" title=\"Zarz\u0105dzanie to\u017csamo\u015bci\u0105\" href=\"https:\/\/www.atom-tech.pl\/?page_id=107\">Zarz\u0105dzanie to\u017csamo\u015bci\u0105<\/a><\/li>\n<li class=\"glowny\"><a class=\"dolne_2\" style=\"color: #0a76a9;\" title=\"Monitoring\" href=\"https:\/\/www.atom-tech.pl\/?page_id=110\">Monitoring<\/a><\/li>\n<li class=\"glowny\"><a class=\"dolne_2\" style=\"color: #0a76a9;\" title=\"Infrastruktura\" href=\"https:\/\/www.atom-tech.pl\/?page_id=113\">Infrastruktura<\/a><\/li>\n<\/ul>\n<p>[\/et_pb_text][\/et_pb_column][\/et_pb_row][et_pb_row _builder_version=&#8221;3.25&#8243; background_size=&#8221;initial&#8221; background_position=&#8221;top_left&#8221; background_repeat=&#8221;repeat&#8221;][et_pb_column type=&#8221;4_4&#8243; _builder_version=&#8221;3.25&#8243; custom_padding=&#8221;|||&#8221; custom_padding__hover=&#8221;|||&#8221;][et_pb_image alt=&#8221;loga partnerow&#8221; title_text=&#8221;loga partnerow&#8221; show_bottom_space=&#8221;off&#8221; align_tablet=&#8221;center&#8221; align_last_edited=&#8221;on|desktop&#8221; admin_label=&#8221;loga partnerow&#8221; _builder_version=&#8221;4.8.1&#8243; hover_enabled=&#8221;0&#8243; use_border_color=&#8221;off&#8221; border_color=&#8221;#ffffff&#8221; border_style=&#8221;solid&#8221; animation=&#8221;off&#8221; sticky=&#8221;on&#8221; always_center_on_mobile=&#8221;on&#8221; sticky_enabled=&#8221;0&#8243;][\/et_pb_image][\/et_pb_column][\/et_pb_row][\/et_pb_section]<\/p>\n","protected":false},"excerpt":{"rendered":"<p>Zadania stawiane nam przez naszych Klient\u00f3w realizowane s\u0105 w profesjonalny spos\u00f3b, zgodnie ze \u015bwiatowymi standardami prowadzenia projekt\u00f3w dla nowoczesnego biznesu. Oferowane przez Atom-tech us\u0142ugi charakteryzuj\u0105 si\u0119 najwy\u017csz\u0105 jako\u015bci\u0105, w oparciu o eksperck\u0105 wiedz\u0119 i do\u015bwiadczenie zespo\u0142u specjalist\u00f3w: Bezpiecze\u0144stwo danych Audyty Technologie klastrowe Cloud computing Zarz\u0105dzanie to\u017csamo\u015bci\u0105 Monitoring Infrastruktura<\/p>\n","protected":false},"author":2,"featured_media":0,"parent":0,"menu_order":0,"comment_status":"open","ping_status":"closed","template":"","meta":{"_et_pb_use_builder":"on","_et_pb_old_content":"","_et_gb_content_width":"","footnotes":""},"class_list":["post-51","page","type-page","status-publish","hentry"],"_links":{"self":[{"href":"https:\/\/atom-tech.pl\/index.php\/wp-json\/wp\/v2\/pages\/51","targetHints":{"allow":["GET"]}}],"collection":[{"href":"https:\/\/atom-tech.pl\/index.php\/wp-json\/wp\/v2\/pages"}],"about":[{"href":"https:\/\/atom-tech.pl\/index.php\/wp-json\/wp\/v2\/types\/page"}],"author":[{"embeddable":true,"href":"https:\/\/atom-tech.pl\/index.php\/wp-json\/wp\/v2\/users\/2"}],"replies":[{"embeddable":true,"href":"https:\/\/atom-tech.pl\/index.php\/wp-json\/wp\/v2\/comments?post=51"}],"version-history":[{"count":0,"href":"https:\/\/atom-tech.pl\/index.php\/wp-json\/wp\/v2\/pages\/51\/revisions"}],"wp:attachment":[{"href":"https:\/\/atom-tech.pl\/index.php\/wp-json\/wp\/v2\/media?parent=51"}],"curies":[{"name":"wp","href":"https:\/\/api.w.org\/{rel}","templated":true}]}}