{"id":119,"date":"2015-05-08T20:01:36","date_gmt":"2015-05-08T18:01:36","guid":{"rendered":"http:\/\/serwer1383533.home.pl\/atom_wp\/?page_id=119"},"modified":"2025-03-13T16:16:10","modified_gmt":"2025-03-13T16:16:10","slug":"ibm","status":"publish","type":"page","link":"https:\/\/atom-tech.pl\/index.php\/ibm\/","title":{"rendered":"IBM"},"content":{"rendered":"<p>[et_pb_section fb_built=&#8221;1&#8243; fullwidth=&#8221;on&#8221; custom_padding_last_edited=&#8221;on|desktop&#8221; _builder_version=&#8221;4.16&#8243; background_color=&#8221;#136ebf&#8221; background_image=&#8221;https:\/\/www.atom-tech.pl\/wp-content\/uploads\/2015\/05\/menu_subpage.jpg&#8221; custom_padding_tablet=&#8221;50px|0|50px|0&#8243; custom_padding_phone=&#8221;50px|0|50px|0&#8243; transparent_background=&#8221;off&#8221; padding_mobile=&#8221;off&#8221; make_fullwidth=&#8221;off&#8221; use_custom_width=&#8221;off&#8221; width_unit=&#8221;on&#8221; global_colors_info=&#8221;{}&#8221;][et_pb_fullwidth_header title=&#8221;IBM&#8221; subhead=&#8221;Firma Atom-tech oferuje pe\u0142n\u0105 obs\u0142ug\u0119 technologii firmy IBM, poczynaj\u0105c od doboru rozwi\u0105za\u0144 i produkt\u00f3w, poprzez us\u0142ugi wdro\u017cenia i obs\u0142ugi, na wsparciu technicznym i konsultacjach ko\u0144cz\u0105c.&#8221; content_max_width=&#8221;none&#8221; admin_label=&#8221;Fullwidth Header&#8221; _builder_version=&#8221;4.27.4&#8243; background_color=&#8221;rgba(255, 255, 255, 0)&#8221; hover_enabled=&#8221;0&#8243; button_one_letter_spacing_hover=&#8221;0&#8243; button_two_letter_spacing_hover=&#8221;0&#8243; global_colors_info=&#8221;{}&#8221; button_one_text_size__hover_enabled=&#8221;off&#8221; button_two_text_size__hover_enabled=&#8221;off&#8221; button_one_text_color__hover_enabled=&#8221;off&#8221; button_two_text_color__hover_enabled=&#8221;off&#8221; button_one_border_width__hover_enabled=&#8221;off&#8221; button_two_border_width__hover_enabled=&#8221;off&#8221; button_one_border_color__hover_enabled=&#8221;off&#8221; button_two_border_color__hover_enabled=&#8221;off&#8221; button_one_border_radius__hover_enabled=&#8221;off&#8221; button_two_border_radius__hover_enabled=&#8221;off&#8221; button_one_letter_spacing__hover_enabled=&#8221;on&#8221; button_one_letter_spacing__hover=&#8221;0&#8243; button_two_letter_spacing__hover_enabled=&#8221;on&#8221; button_two_letter_spacing__hover=&#8221;0&#8243; button_one_bg_color__hover_enabled=&#8221;off&#8221; button_two_bg_color__hover_enabled=&#8221;off&#8221; sticky_enabled=&#8221;0&#8243;][\/et_pb_fullwidth_header][\/et_pb_section][et_pb_section fb_built=&#8221;1&#8243; _builder_version=&#8221;4.16&#8243; global_colors_info=&#8221;{}&#8221;][et_pb_row _builder_version=&#8221;4.16&#8243; background_size=&#8221;initial&#8221; background_position=&#8221;top_left&#8221; background_repeat=&#8221;repeat&#8221; global_colors_info=&#8221;{}&#8221;][et_pb_column type=&#8221;4_4&#8243; _builder_version=&#8221;4.16&#8243; custom_padding=&#8221;|||&#8221; global_colors_info=&#8221;{}&#8221; custom_padding__hover=&#8221;|||&#8221;][et_pb_accordion admin_label=&#8221;Harmonijka&#8221; _builder_version=&#8221;4.16.0&#8243; use_border_color=&#8221;off&#8221; border_color=&#8221;#ffffff&#8221; border_style=&#8221;solid&#8221; global_colors_info=&#8221;{}&#8221;][et_pb_accordion_item title=&#8221;IBM QRadar&#8221; open=&#8221;on&#8221; _builder_version=&#8221;4.16&#8243; global_colors_info=&#8221;{}&#8221;]Rodzina <strong>IBM QRadar<\/strong> wspiera bezpiecze\u0144stwo IT przy pomocy:<\/p>\n<ul class=\"\">\n<li class=\"\"><strong>Analizy dziennik\u00f3w, przep\u0142yw\u00f3w, s\u0142abych punkt\u00f3w zabezpiecze\u0144 oraz danych o u\u017cytkownikach i zasobach<\/strong> za po\u015brednictwem jednej, zintegrowanej architektury rozwi\u0105zania.<\/li>\n<li class=\"\"><strong>Rozpoznawanie zagro\u017ce\u0144 o wysokim prawdopodobie\u0144stwie<\/strong> z zastosowaniem mechanizm\u00f3w korelacji w czasie rzeczywistym i wykrywania anomalii w zachowaniach.<\/li>\n<li class=\"\"><strong>Wykrywanie s\u0142abych punkt\u00f3w zabezpiecze\u0144, zarz\u0105dzanie ryzykiem i rozpoznawanie incydent\u00f3w o wysokim priorytecie<\/strong> w\u015br\u00f3d miliard\u00f3w punkt\u00f3w danych.<\/li>\n<li class=\"\"><strong>Pe\u0142na widoczno\u015b\u0107<\/strong> funkcjonowania sieci, aplikacji i dzia\u0142a\u0144 u\u017cytkownik\u00f3w.<\/li>\n<li class=\"\"><strong>Pog\u0142\u0119biona analiza incydent\u00f3w<\/strong> umo\u017cliwiaj\u0105ca szybkie przeprowadzenie dochodzenia i zablokowanie szkodliwych dzia\u0142a\u0144.<\/li>\n<li class=\"\"><strong>Tworzenie i realizacja plan\u00f3w zautomatyzowanej reakcji na incydenty<\/strong><\/li>\n<li class=\"\"><strong>Zapewnienie zgodno\u015bci z \u00a0wymogami formalno-prawnymi <\/strong>w oparciu o funkcje gromadzenia, korelacji i raportowania danych.<\/li>\n<\/ul>\n<p>Produkty:<\/p>\n<p><strong>IBM QRadar SIEM<\/strong> wykrywa anomalie, ujawnia zaawansowane zagro\u017cenia i eliminuje fa\u0142szywe alarmy. Konsoliduje dane z dziennik\u00f3w i dane o przep\u0142ywach sieciowych pochodz\u0105ce z tysi\u0119cy urz\u0105dze\u0144, punkt\u00f3w ko\u0144cowych i aplikacji rozproszonych w sieci. Nast\u0119pnie korzysta z zaawansowanego mechanizmu Sense Analytics, kt\u00f3ry normalizuje i koreluje te dane oraz wykrywa naruszenia, kt\u00f3re wymagaj\u0105 podj\u0119cia dochodzenia i analizy. Opcjonalnie oprogramowanie to mo\u017ce wsp\u00f3\u0142pracowa\u0107 z serwisem IBM X-Force\u00ae Threat Intelligence, kt\u00f3ry udost\u0119pnia listy potencjalnie szkodliwych adres\u00f3w IP, w tym host\u00f3w ze szkodliwym oprogramowaniem, \u017ar\u00f3de\u0142 spamu i innych zagro\u017ce\u0144. Produkt QRadar SIEM jest dost\u0119pny w wersji do instalacji lokalnej oraz w \u015brodowisku chmurowym.<\/p>\n<p><strong>IBM QRadar Log Manager<\/strong> zbiera, analizuje, przechowuje zdarzenia istotne dla bezpiecze\u0144stwa odnotowywane w dziennikach sieciowych i generuje na tej podstawie raporty, aby pom\u00f3c organizacjom w ochronie przed atakami, zagro\u017ceniami i naruszeniami. Dzia\u0142a w oparciu o mechanizm QRadar Sense Analytics\u2122, kt\u00f3ry przekszta\u0142ca nieprzetworzone dane o zdarzeniach z urz\u0105dze\u0144, serwer\u00f3w, system\u00f3w operacyjnych, aplikacji, punkt\u00f3w ko\u0144cowych i innych \u017ar\u00f3de\u0142 w praktycznie u\u017cyteczne i daj\u0105ce si\u0119 przeszukiwa\u0107 informacje \u201ewywiadowcze\u201d. QRadar Log Manager pomaga w spe\u0142nieniu wymaga\u0144 formalnych w zakresie monitorowania i sprawozdawczo\u015bci. Rozwi\u0105zanie to mo\u017cna bez zak\u0142\u00f3cania pracy przekszta\u0142ci\u0107 w bardziej rozbudowany system QRadar SIEM, aby uzyska\u0107 jeszcze wy\u017cszy poziom ochrony przed zagro\u017ceniami.<\/p>\n<p><strong>IBM QRadar Vulnerability Manager<\/strong> wykrywa s\u0142abe punkty zabezpiecze\u0144, wzbogaca zebrane informacje o kontekst i pomaga w ustaleniu priorytet\u00f3w oraz realizacji dzia\u0142a\u0144 naprawczych. Jest rozwi\u0105zaniem w pe\u0142ni zintegrowanym z platform\u0105 QRadar Security Intelligence Platform i korzysta z zaawansowanego aparatu analitycznego, by wzbogaca\u0107 wyniki poszukiwa\u0144 s\u0142abych punkt\u00f3w w celu ograniczenia ryzyka i spe\u0142nienia wymaga\u0144 formalnych. QRadar Vulnerability Manager koreluje dane o s\u0142abych punktach zabezpiecze\u0144 z informacjami o topologii sieci i po\u0142\u0105czeniach, aby inteligentnie zarz\u0105dza\u0107 ryzykiem. Mechanizm zarz\u0105dzania strategiami automatyzuje kontrole jej przestrzegania. Informacje, kt\u00f3rych dostarcza QRadar Vulnerability Manager, pomagaj\u0105 zespo\u0142owi odpowiedzialnemu za bezpiecze\u0144stwo w opracowaniu zoptymalizowanego planu dzia\u0142a\u0144.<\/p>\n<p><strong>IBM QRadar Incident Forensics<\/strong> umo\u017cliwia prze\u015bledzenie, krok po kroku, dzia\u0142a\u0144 potencjalnego agresora i szybkie przeprowadzenie pog\u0142\u0119bionego dochodzenia w razie podejrzenia, \u017ce w sieci dosz\u0142o do incydentu spowodowanego celowymi szkodliwymi dzia\u0142aniami. Skraca czas potrzebny zespo\u0142om bezpiecze\u0144stwa na przeanalizowanie \u015blad\u00f3w i dokumentacji narusze\u0144 \u2014 z wielu dni do godzin, a nawet minut. Mo\u017ce tak\u017ce pom\u00f3c w skutecznym reagowaniu na naruszenia zabezpiecze\u0144 sieci oraz zapobieganiu podobnym incydentom w przysz\u0142o\u015bci. Mo\u017cna tak\u017ce zakupi\u0107 opcjonalne dedykowane urz\u0105dzenie IBM QRadar Packet Capture, kt\u00f3re s\u0142u\u017cy do zbierania danych i zarz\u0105dzania nimi, je\u015bli w sieci nie funkcjonuje \u017cadne inne urz\u0105dzenie do przechwytywania pakiet\u00f3w sieciowych.<\/p>\n<p><strong>IBM QRadar User Behavior Analytics (UBA)<\/strong> to aplikacja do wczesnego ostrzegania przed zagro\u017ceniami ze strony u\u017cytkownik\u00f3w wewn\u0119trznych. B\u0119d\u0105c rozszerzeniem systemu QRadar Security Intelligence Platform, analizuje zachowania u\u017cytkownik\u00f3w wewn\u0119trznych, by wykrywa\u0107 przypadki wykorzystania ich danych uwierzytelniaj\u0105cych do dzia\u0142a\u0144 przest\u0119pczych. Aplikacja jest wyposa\u017cona w panel kontrolny, na kt\u00f3rym wskazani s\u0105 u\u017cytkownicy zachowuj\u0105cy si\u0119 ryzykownie wraz z informacjami o ich nietypowych dzia\u0142aniach oraz powi\u0105zane z nimi incydenty na platformie QRadar. Jednym klikni\u0119ciem mo\u017cna doda\u0107 podejrzan\u0105 osob\u0119 do listy obserwowanych u\u017cytkownik\u00f3w, wprowadzi\u0107 tekstowy komentarz do spostrze\u017ce\u0144 lub przej\u015b\u0107 do \u017ar\u00f3d\u0142owej tre\u015bci dziennika i danych o przep\u0142ywach.<\/p>\n<div class=\"overview--description\"><strong>IBM QRadar Network Security (XGS)<\/strong> nale\u017cy do nowej generacji rozwi\u0105za\u0144 zabezpieczaj\u0105cych. Gdy agresorzy nieustannie pr\u00f3buj\u0105 \u0142ama\u0107 zabezpieczenia sieci, potrzebne jest rozwi\u0105zanie, kt\u00f3re b\u0119dzie wykrywa\u0107 i powstrzymywa\u0107 aktywne eksploity w punkcie ataku i sprawi, \u017ce b\u0119dziesz zawsze o krok przed zagro\u017ceniem \u2014 Ahead of the Threat\u00ae. Zapewnia lepsz\u0105 widoczno\u015b\u0107 aktywno\u015bci i zacie\u015bnia nadz\u00f3r nad sieci\u0105, wykorzystuj\u0105c techniki g\u0142\u0119bokiej inspekcji pakiet\u00f3w oraz analizy heurystyczne i behawioralne do wykrywania i powstrzymywania wtargni\u0119\u0107 realizowanych zar\u00f3wno ju\u017c znanymi, jak i nowymi metodami. Jako element platformy IBM QRadar Security Intelligence Platform rozwi\u0105zanie QRadar XGS odgrywa kluczow\u0105 rol\u0119 we wszechstronnym wykrywaniu zagro\u017ce\u0144 i analizie funkcjonowania sieci.<\/div>\n<p><strong>IBM QRadar Network Security for VMware<\/strong> to wirtualne urz\u0105dzenie dedykowane do zabezpieczania sieci, kt\u00f3re zapewnia ten sam poziom ochrony przed zagro\u017ceniami co fizyczne urz\u0105dzenia dedykowane QRadar XGS. Analizuje ruch szyfrowany pod k\u0105tem zagro\u017ce\u0144, ujawnia aktywno\u015b\u0107 aplikacji i u\u017cytkownik\u00f3w w sieci i pozwala sprawowa\u0107 nad ni\u0105 wi\u0119ksz\u0105 kontrol\u0119, a tak\u017ce oferuje dzia\u0142aj\u0105c\u0105 uprzedzaj\u0105co ochron\u0119 Ahead of the Threat\u00ae z zapleczem wywiadowczo-informacyjnym IBM X-Force\u00ae. Jako element platformy IBM QRadar Security Intelligence Platform rozwi\u0105zanie QRadar XGS odgrywa kluczow\u0105 rol\u0119 we wszechstronnym wykrywaniu zagro\u017ce\u0144 i analizie funkcjonowania sieci.[\/et_pb_accordion_item][et_pb_accordion_item title=&#8221;IBM Spectrum Protect (Tivoli Storage Manager)&#8221; _builder_version=&#8221;4.16&#8243; global_colors_info=&#8221;{}&#8221; open=&#8221;off&#8221;]<strong>IBM Spectrum Protect (Tivoli Storage Manager)<\/strong> to platforma ochrony danych, kt\u00f3ra udost\u0119pnia przedsi\u0119biorstwom pojedynczy punkt zarz\u0105dzania tworzeniem i odtwarzaniem kopii zapasowych. Jest to flagowy produkt w rodzinie IBM Spectrum Protect (Tivoli Storage Manager).<br \/>\nUmo\u017cliwia niezawodne, ekonomiczne tworzenie kopii i szybkie odtwarzanie w \u015brodowiskach wirtualnych, fizycznych i w chmurach r\u00f3\u017cnej wielko\u015bci.<br \/>\nZastosowanie oprogramowania IBM Spectrum Protect przynosi szereg korzy\u015bci:<\/p>\n<ul>\n<li>Ni\u017csze koszty ochrony danych to wi\u0119cej \u015brodk\u00f3w na innowacje. Zmniejsza koszty infrastruktury tworzenia i odtwarzania kopii zapasowych nawet o 38%.1<\/li>\n<li>Ochrona danych i pewno\u015b\u0107, \u017ce b\u0119dzie je mo\u017cna odtworzy\u0107. Umo\u017cliwia efektywne i wizualne sterowanie kopiami zapasowymi \u2014 wirtualnymi, fizycznymi i w chmurze \u2014 z jednego miejsca, w spos\u00f3b sprzyjaj\u0105cy wysokiej efektywno\u015bci pracy administratora.<\/li>\n<li>Elastyczne rozwi\u0105zania dla organizacji o r\u00f3\u017cnej wielko\u015bci. Spectrum Protect to rozwi\u0105zanie skalowalne, odpowiednie zar\u00f3wno do obs\u0142ugi podstawowych aplikacji, jak i du\u017cych obci\u0105\u017ce\u0144 korporacyjnych.<\/li>\n<li>Ni\u017csze koszty ochrony danych to wi\u0119cej \u015brodk\u00f3w na innowacje<\/li>\n<li>Przej\u015bcie na oprogramowanie Spectrum Protect mo\u017ce przynie\u015b\u0107 redukcj\u0119 koszt\u00f3w infrastruktury obs\u0142ugi kopii zapasowych nawet o 38 procent \u2014 na co wskazuje ponad 450 raport\u00f3w analitycznych Butterfly.<\/li>\n<li>\u201eNielimitowane\u201d kopie przyrostowe w po\u0142\u0105czeniu z deduplikacj\u0105 danych mog\u0105 w \u015brodowiskach wirtualnych i fizycznych ograniczy\u0107 obj\u0119to\u015b\u0107 kopii zapasowych nawet o 95%.3<\/li>\n<\/ul>\n<p><strong>Bezpieczne zarz\u0105dzanie danymi i niezawodna ochrona<\/strong><\/p>\n<ul>\n<li>Produkt jest \u0142atwy w obs\u0142udze za spraw\u0105 kokpitu IBM Spectrum Protect (Tivoli Storage Manager) Operations Center, funkcji administracyjnych sterowanych strategiami i mechanizm\u00f3w integracji z chmur\u0105.<\/li>\n<li>Administratorzy VMware mog\u0105 zarz\u0105dza\u0107 tworzeniem i odtwarzaniem kopii zapasowych, korzystaj\u0105c z interfejs\u00f3w u\u017cytkownika, do jakich s\u0105 przyzwyczajeni. Nie s\u0105 wymagane bezpo\u015brednie interakcje z serwerami kopii zapasowych.<\/li>\n<li>Sterowniki do obs\u0142ugi kopii zapasowych w chmurze OpenStack, podobnie jak integracja z VMware vCloud, otwieraj\u0105 drog\u0119 do automatyzacji tworzenia kopii i uproszczenia proces\u00f3w odtwarzania.<\/li>\n<\/ul>\n<p><strong>Elastyczne rozwi\u0105zania dla organizacji o r\u00f3\u017cnej wielko\u015bci<\/strong><\/p>\n<ul>\n<li>Spectrum Protect jest rozwi\u0105zaniem wysoce skalowalnym \u2014 jeden serwer kopii zapasowych mo\u017ce chroni\u0107 miliardy obiekt\u00f3w obiekt\u00f3w oraz importowa\u0107, deduplikowa\u0107 i replikowa\u0107 do 20 terabajt\u00f3w nowych i zmienionych danych klienckich na dob\u0119.<\/li>\n<li>Platforma jest w stanie chroni\u0107 nawet dziesi\u0119\u0107 razy wi\u0119cej danych u\u017cytkownik\u00f3w dziennie w przeliczeniu na jeden serwer kopii zapasowych.<\/li>\n<li>Dost\u0119pne s\u0105 wersje podstawowe, przeznaczone dla ma\u0142ych i \u015brednich organizacji, oferowane s\u0105 w specjalnych cenach i konfiguracjach. Wersje te s\u0105 w pe\u0142ni funkcjonalne, a klienci maj\u0105 do wyboru r\u00f3\u017cne warianty pojemno\u015bci i zestawy komponent\u00f3w.<\/li>\n<\/ul>\n<p>[\/et_pb_accordion_item][et_pb_accordion_item title=&#8221;IBM WebSphere Application Server&#8221; _builder_version=&#8221;4.16&#8243; global_colors_info=&#8221;{}&#8221; open=&#8221;off&#8221;]<strong>IBM WebSphere Application Server<\/strong> umo\u017cliwia zbudowanie szybkiego, elastycznego \u015brodowiska wykonawczego opartego na serwerze aplikacji Java. Oferuje wysok\u0105 niezawodno\u015b\u0107 i odporno\u015b\u0107 jako platforma aplikacyjna przeznaczona m.in. dla aplikacji mobilnych i dzia\u0142aj\u0105cych w chmurze. Dobrze nadaje si\u0119 zar\u00f3wno do budowy konfiguracji jednoserwerowych, jak i \u015brodowisk o \u015bredniej wielko\u015bci, a tak\u017ce do realizacji du\u017cych wdro\u017ce\u0144 wymagaj\u0105cych zastosowania konfiguracji klastrowej na poziomie WWW, obejmuj\u0105cej wiele instancji serwera aplikacji.<\/p>\n<p>Klient mo\u017ce wybra\u0107 taki profil serwera WebSphere Application Server, kt\u00f3ry b\u0119dzie najlepiej dopasowany do konkretnych potrzeb operacyjnych i biznesowych. Ta edycja uprawnia do nieograniczonego korzystania z profilu pe\u0142nego i Liberty Profile w zastosowaniach programistycznych i produkcyjnych.<br \/>\nOto najwa\u017cniejsze korzy\u015bci, jakie przynosi WebSphere Application Server:<\/p>\n<ul>\n<li>Wi\u0119ksza produktywno\u015b\u0107 pracy programist\u00f3w dzi\u0119ki obs\u0142udze standard\u00f3w otwartych i r\u00f3\u017cnych modeli programowania, w tym \u201elekkich\u201d opcji odpowiednich dla wdro\u017ce\u0144 w \u015brodowisku WWW.<\/li>\n<li>Wdra\u017canie aplikacji i us\u0142ug oraz zarz\u0105dzanie nimi bez ogranicze\u0144 czasowych, zwi\u0105zanych z miejscem lub typem urz\u0105dzenia.<\/li>\n<li>Zawiera profil Liberty \u2014 dynamiczny profil serwera aplikacji zapewniaj\u0105cy du\u017c\u0105 swobod\u0119 zestawiania komponent\u00f3w.<\/li>\n<li>Wy\u017cszy poziom bezpiecze\u0144stwa i skuteczniejsza kontrola za spraw\u0105 zintegrowanych narz\u0119dzi wspomagaj\u0105cych administracj\u0119 i zarz\u0105dzanie.<\/li>\n<\/ul>\n<p>[\/et_pb_accordion_item][\/et_pb_accordion][\/et_pb_column][\/et_pb_row][et_pb_row _builder_version=&#8221;4.16&#8243; background_size=&#8221;initial&#8221; background_position=&#8221;top_left&#8221; background_repeat=&#8221;repeat&#8221; global_colors_info=&#8221;{}&#8221;][et_pb_column type=&#8221;4_4&#8243; _builder_version=&#8221;4.16&#8243; custom_padding=&#8221;|||&#8221; global_colors_info=&#8221;{}&#8221; custom_padding__hover=&#8221;|||&#8221;][et_pb_image alt=&#8221;loga partnerzy&#8221; title_text=&#8221;loga partnerow&#8221; show_bottom_space=&#8221;off&#8221; align_tablet=&#8221;center&#8221; align_phone=&#8221;center&#8221; align_last_edited=&#8221;on|desktop&#8221; admin_label=&#8221;loga partnerow&#8221; _builder_version=&#8221;4.27.4&#8243; use_border_color=&#8221;off&#8221; border_color=&#8221;#ffffff&#8221; border_style=&#8221;solid&#8221; animation=&#8221;off&#8221; sticky=&#8221;on&#8221; always_center_on_mobile=&#8221;on&#8221; global_colors_info=&#8221;{}&#8221;][\/et_pb_image][\/et_pb_column][\/et_pb_row][\/et_pb_section]<\/p>\n","protected":false},"excerpt":{"rendered":"<p>Rodzina IBM QRadar wspiera bezpiecze\u0144stwo IT przy pomocy: Analizy dziennik\u00f3w, przep\u0142yw\u00f3w, s\u0142abych punkt\u00f3w zabezpiecze\u0144 oraz danych o u\u017cytkownikach i zasobach za po\u015brednictwem jednej, zintegrowanej architektury rozwi\u0105zania. Rozpoznawanie zagro\u017ce\u0144 o wysokim prawdopodobie\u0144stwie z zastosowaniem mechanizm\u00f3w korelacji w czasie rzeczywistym i wykrywania anomalii w zachowaniach. Wykrywanie s\u0142abych punkt\u00f3w zabezpiecze\u0144, zarz\u0105dzanie ryzykiem i rozpoznawanie incydent\u00f3w o wysokim priorytecie [&hellip;]<\/p>\n","protected":false},"author":2,"featured_media":0,"parent":0,"menu_order":0,"comment_status":"open","ping_status":"closed","template":"","meta":{"_et_pb_use_builder":"on","_et_pb_old_content":"","_et_gb_content_width":"","footnotes":""},"class_list":["post-119","page","type-page","status-publish","hentry"],"_links":{"self":[{"href":"https:\/\/atom-tech.pl\/index.php\/wp-json\/wp\/v2\/pages\/119","targetHints":{"allow":["GET"]}}],"collection":[{"href":"https:\/\/atom-tech.pl\/index.php\/wp-json\/wp\/v2\/pages"}],"about":[{"href":"https:\/\/atom-tech.pl\/index.php\/wp-json\/wp\/v2\/types\/page"}],"author":[{"embeddable":true,"href":"https:\/\/atom-tech.pl\/index.php\/wp-json\/wp\/v2\/users\/2"}],"replies":[{"embeddable":true,"href":"https:\/\/atom-tech.pl\/index.php\/wp-json\/wp\/v2\/comments?post=119"}],"version-history":[{"count":2,"href":"https:\/\/atom-tech.pl\/index.php\/wp-json\/wp\/v2\/pages\/119\/revisions"}],"predecessor-version":[{"id":6633,"href":"https:\/\/atom-tech.pl\/index.php\/wp-json\/wp\/v2\/pages\/119\/revisions\/6633"}],"wp:attachment":[{"href":"https:\/\/atom-tech.pl\/index.php\/wp-json\/wp\/v2\/media?parent=119"}],"curies":[{"name":"wp","href":"https:\/\/api.w.org\/{rel}","templated":true}]}}