{"id":116,"date":"2015-05-08T20:01:16","date_gmt":"2015-05-08T18:01:16","guid":{"rendered":"http:\/\/serwer1383533.home.pl\/atom_wp\/?page_id=116"},"modified":"2015-05-08T20:01:16","modified_gmt":"2015-05-08T18:01:16","slug":"red-hat","status":"publish","type":"page","link":"https:\/\/atom-tech.pl\/index.php\/red-hat\/","title":{"rendered":"Red Hat"},"content":{"rendered":"<p>[et_pb_section fb_built=&#8221;1&#8243; fullwidth=&#8221;on&#8221; custom_padding_last_edited=&#8221;on|desktop&#8221; _builder_version=&#8221;4.16&#8243; background_color=&#8221;#116ebf&#8221; background_image=&#8221;https:\/\/www.atom-tech.pl\/wp-content\/uploads\/2015\/05\/menu_subpage.jpg&#8221; custom_padding_tablet=&#8221;50px|0|50px|0&#8243; custom_padding_phone=&#8221;50px|0|50px|0&#8243; transparent_background=&#8221;off&#8221; padding_mobile=&#8221;off&#8221; make_fullwidth=&#8221;off&#8221; use_custom_width=&#8221;off&#8221; width_unit=&#8221;on&#8221; global_colors_info=&#8221;{}&#8221;][et_pb_fullwidth_header title=&#8221;Red Hat&#8221; subhead=&#8221;Firma Atom-tech oferuje pe\u0142n\u0105 obs\u0142ug\u0119 technologii firmy Red Hat, poczynaj\u0105c od doboru rozwi\u0105za\u0144 i produkt\u00f3w, poprzez us\u0142ugi wdro\u017cenia i obs\u0142ugi, na wsparciu technicznym i konsultacjach ko\u0144cz\u0105c.&#8221; content_max_width=&#8221;none&#8221; admin_label=&#8221;Fullwidth Header&#8221; _builder_version=&#8221;4.16&#8243; background_color=&#8221;rgba(255, 255, 255, 0)&#8221; global_colors_info=&#8221;{}&#8221; button_one_text_size__hover_enabled=&#8221;off&#8221; button_two_text_size__hover_enabled=&#8221;off&#8221; button_one_text_color__hover_enabled=&#8221;off&#8221; button_two_text_color__hover_enabled=&#8221;off&#8221; button_one_border_width__hover_enabled=&#8221;off&#8221; button_two_border_width__hover_enabled=&#8221;off&#8221; button_one_border_color__hover_enabled=&#8221;off&#8221; button_two_border_color__hover_enabled=&#8221;off&#8221; button_one_border_radius__hover_enabled=&#8221;off&#8221; button_two_border_radius__hover_enabled=&#8221;off&#8221; button_one_letter_spacing__hover_enabled=&#8221;off&#8221; button_two_letter_spacing__hover_enabled=&#8221;off&#8221; button_one_bg_color__hover_enabled=&#8221;off&#8221; button_two_bg_color__hover_enabled=&#8221;off&#8221;][\/et_pb_fullwidth_header][\/et_pb_section][et_pb_section fb_built=&#8221;1&#8243; _builder_version=&#8221;4.16&#8243; global_colors_info=&#8221;{}&#8221;][et_pb_row _builder_version=&#8221;4.16&#8243; background_size=&#8221;initial&#8221; background_position=&#8221;top_left&#8221; background_repeat=&#8221;repeat&#8221; global_colors_info=&#8221;{}&#8221;][et_pb_column type=&#8221;4_4&#8243; _builder_version=&#8221;4.16&#8243; custom_padding=&#8221;|||&#8221; global_colors_info=&#8221;{}&#8221; custom_padding__hover=&#8221;|||&#8221;][et_pb_accordion admin_label=&#8221;Harmonijka Red Hat&#8221; _builder_version=&#8221;4.27.2&#8243; hover_enabled=&#8221;0&#8243; use_border_color=&#8221;off&#8221; border_color=&#8221;#ffffff&#8221; border_style=&#8221;solid&#8221; global_colors_info=&#8221;{}&#8221; sticky_enabled=&#8221;0&#8243;][et_pb_accordion_item title=&#8221;RedHat OpenShift&#8221; open=&#8221;on&#8221; _builder_version=&#8221;4.16&#8243; global_colors_info=&#8221;{}&#8221;]<\/p>\n<p><strong>Sprawdzona platforma Kubernetes klasy enterprise<\/strong><\/p>\n<p>Red Hat OpenShift Container Platform to&nbsp;certyfikowana, zgodna z&nbsp;wymogami platforma Kubernetes, co&nbsp;zosta\u0142o potwierdzone przez organizacj\u0119 Cloud Native Computing Foundation (CNCF). To&nbsp;jedyna oferta Kubernetes dla firm oparta na&nbsp;<a href=\"http:\/\/newsletter.veracomp.pl\/News\/click\/zzvo0maEW921eNrWqMytEBHpKFqsh05jRD8gCR9LUa8quQW1DJxuIXC8nSeAdOGRX8UFB_hh4I-EFeA1GkgfJptYKBSh045Mww4x1Qb8uxtoYKzWZkFlq7nV5488s-zGDTW-KEh57qaYwyFoNzqPH-CFQoaWsjRr2PLKotzW4J1X5dObYTt2CfDAHTmFIq06JAdTL0CnQD6pzoet3m5B2lK8ijlItX0=5kM7uK6A7NdSRItOp5Ua1A==&amp;c=LTEyOTM2MDYzNjc=\">sprawdzonej<\/a>&nbsp;<a href=\"http:\/\/newsletter.veracomp.pl\/News\/click\/WjOsibgmfKCwf2wZjAgzYhQpsHTVzwR5j7l9zWy45cC9dJjFmhajMbiQbR3n1w6SAeZop0Om-OqQPVZ26hxIlP1W5PgyYjL7_ypaDExabhaAqQGup7t_40yOemfI-8LSb_stN7G3EdiM6gSKJaIA4LGnuG6pFDFExQn7iStVDzQ-GldDn5WGeADBogVNqAcIs5p7vkjUksPBwq-2xPkos8dE-0Y6cTEtwh24GOdsy8XDzSboIH2LqaOgFBM-JcQ2aLKI4vA_nQ=utS_5GHcAkcCvPB2V4nIGA==&amp;c=LTk0MjMxNjUwNQ==\">platformie linuksowej dla przedsi\u0119biorstw<\/a>&nbsp;, za&nbsp;kt\u00f3r\u0105 stoi wiedza specjalistyczna w&nbsp;dziedzinie system\u00f3w open source, kompatybilny ekosystem i&nbsp;czo\u0142owa pozycja rynkowa firmy Red Hat. Jako kluczowy cz\u0142onek spo\u0142eczno\u015bci Kubernetes firma Red Hat na&nbsp;nowo definiuje w&nbsp;rozwi\u0105zaniu OpenShift 4&nbsp;technologi\u0119 Kubernetes dla przedsi\u0119biorstw, udost\u0119pniaj\u0105c mocniejszy i&nbsp;bezpieczniejszy kod, a&nbsp;przy tym zachowuj\u0105c najwa\u017cniejsze innowacje tworzone przez spo\u0142eczno\u015bci.<\/p>\n<p>Aby uelastyczni\u0107 wdro\u017cenie przy utrzymaniu wi\u0119kszego bezpiecze\u0144stwa i&nbsp;stabilno\u015bci, wraz z&nbsp;rozwi\u0105zaniem OpenShift 4&nbsp;wprowadzany jest system operacyjny&nbsp;<strong>Red Hat Enterprise Linux CoreOS<\/strong>&nbsp;\u2013 wbudowany, stworzony specjalnie z&nbsp;my\u015bl\u0105 o&nbsp;technologii OpenShift wariant oprogramowania Red Hat Enterprise Linux. Red Hat Enterprise Linux CoreOS to&nbsp;lekka, stabilna, zoptymalizowana pod k\u0105tem kontener\u00f3w dystrybucja systemu operacyjnego Linux, kt\u00f3ra zapewnia firmom wdra\u017caj\u0105cym platform\u0119 Kubernetes wi\u0119ksz\u0105 swobod\u0119 wyboru. W&nbsp;wariancie tym jak zawsze po\u0142o\u017cono nacisk na&nbsp;bezpiecze\u0144stwo i&nbsp;stabilno\u015b\u0107, przy czym automatyczne aktualizacje s\u0105&nbsp;zarz\u0105dzane przez platform\u0119 Kubernetes i&nbsp;aktywowane w&nbsp;rozwi\u0105zaniu OpenShift za&nbsp;pomoc\u0105 jednego przycisku. Zmniejsza to&nbsp;pracoch\u0142onno\u015b\u0107 utrzymania i&nbsp;zwi\u0119ksza produktywno\u015b\u0107 biznesow\u0105.<\/p>\n<p>Rozwi\u0105zanie OpenShift 4&nbsp;jest obj\u0119te nagradzanym wsparciem zapewnianym przez firm\u0119 Red Hat i&nbsp;\u015bwiadczonymi przez ni\u0105 kompleksowymi us\u0142ugami profesjonalnymi, w&nbsp;tym us\u0142ugami doradczymi. Dzi\u0119ki technicznej wiedzy specjalistycznej oraz strategicznemu doradztwu i&nbsp;analizom Red Hat pomaga dzia\u0142om informatyki w&nbsp;tworzeniu rozwi\u0105za\u0144 zaspokajaj\u0105cych aktualne i&nbsp;przysz\u0142e potrzeby ich firm.<\/p>\n<p><strong>Umo\u017cliwienie programistom tworzenie innowacji<\/strong><\/p>\n<p>Opracowywanie aplikacji jest kluczowe dla wielu dzia\u0142\u00f3w IT&nbsp;z&nbsp;uwagi na&nbsp;rol\u0119 aplikacji w&nbsp;przyspieszaniu transformacji cyfrowej. OpenShift 4&nbsp;wspiera rosn\u0105ce potrzeby w&nbsp;zakresie programowania jako sp\u00f3jna platforma optymalizuj\u0105ca produktywno\u015b\u0107 programist\u00f3w:<\/p>\n<ul>\n<li><strong>Samoobs\u0142uga, automatyzacja i&nbsp;us\u0142ugi w&nbsp;zakresie aplikacji&nbsp;<\/strong>pomagaj\u0105 programistom w&nbsp;rozszerzaniu ich aplikacji przez konfiguracj\u0119 us\u0142ug na&nbsp;\u017c\u0105danie i&nbsp;automatyzacj\u0119 tworzenia i&nbsp;wdra\u017cania aplikacji kontenerowych przy u\u017cyciu rozwi\u0105zania Operators.<\/li>\n<\/ul>\n<ul>\n<li>\u015arodowisko&nbsp;<strong>Red Hat CodeReady Workspaces<\/strong>&nbsp;pozwala programistom wykorzysta\u0107 mo\u017cliwo\u015bci kontener\u00f3w i&nbsp;platformy Kubernetes, umo\u017cliwiaj\u0105c im&nbsp;jednocze\u015bnie prac\u0119 z&nbsp;dobrze znanymi narz\u0119dziami \u015brodowiska programistycznego (IDE), kt\u00f3rych u\u017cywaj\u0105 na&nbsp;co&nbsp;dzie\u0144. CodeReady Workspaces zapewnia wi\u0119ksz\u0105 sp\u00f3jno\u015b\u0107 i&nbsp;bezpiecze\u0144stwo oraz lepsze mo\u017cliwo\u015bci wsp\u00f3\u0142pracy ni\u017c w&nbsp;przypadku uruchamiania kontener\u00f3w lub maszyn wirtualnych na&nbsp;laptopie. Zawiera narz\u0119dzia i&nbsp;zale\u017cno\u015bci potrzebne do&nbsp;pisania kodu, tworzenia, testowania, uruchamiania i&nbsp;debugowania aplikacji kontenerowych w&nbsp;internetowym \u015brodowisku IDE.<\/li>\n<\/ul>\n<ul>\n<li>Technologia&nbsp;<strong>OpenShift Service Mesh<\/strong>&nbsp;\u0142\u0105czy projekty Istio, Jaeger i&nbsp;Kiali w&nbsp;jednym rozwi\u0105zaniu, kt\u00f3re koduje logik\u0119 komunikacji dla architektur aplikacji opartych na&nbsp;mikrous\u0142ugach, dzi\u0119ki czemu zespo\u0142y programist\u00f3w mog\u0105 skupi\u0107 si\u0119 na&nbsp;logice przynosz\u0105cej firmie warto\u015b\u0107 dodan\u0105.<\/li>\n<\/ul>\n<ul>\n<li><strong>Knative do&nbsp;tworzenia aplikacji bezserwerowych<\/strong>&nbsp;w&nbsp;przeznaczonej dla programist\u00f3w wersji zapoznawczej sprawia, \u017ce&nbsp;Kubernetes staje si\u0119 idealn\u0105 platform\u0105 do&nbsp;tworzenia, wdra\u017cania i&nbsp;kontrolowania obci\u0105\u017ce\u0144 bezserwerowych lub udost\u0119pniaj\u0105cych funkcje jako us\u0142ugi (FaaS). Dost\u0119pne narz\u0119dzia obejmuj\u0105 minimalizowanie nieaktywnych obci\u0105\u017ce\u0144, automatyczne skalowanie, wersje wewn\u0105trzklastrowe i&nbsp;platformy zdarze\u0144 do&nbsp;opracowywania aplikacji chmurowych w&nbsp;technologii Kubernetes. Rozwi\u0105zanie ukrywa z\u0142o\u017cone cz\u0119\u015bci tworzenia i&nbsp;wdra\u017cania aplikacji oraz zarz\u0105dzania nimi, dzi\u0119ki czemu programi\u015bci mog\u0105 skupi\u0107 si\u0119 na&nbsp;pisaniu kodu.<\/li>\n<\/ul>\n<ul>\n<li><strong>KEDA (automatyczne skalowanie sterowane zdarzeniami na&nbsp;platformie Kubernetes)<\/strong>to&nbsp;efekt wsp\u00f3\u0142pracy mi\u0119dzy firmami Microsoft i&nbsp;Red Hat. Rozwi\u0105zanie to&nbsp;umo\u017cliwia<a href=\"http:\/\/newsletter.veracomp.pl\/News\/click\/9ujnF1gdj37_2S8aoLxaxl2McVkOHUH8z5OnXwgR4hOwqhFeX6bL2bgy6PVCuihc13fOhU-PHbbc9-m4rb5BfueTo5WLovznYvwdo6l1163PXhn-Vrj3Y1oDRr7cIXk_b_i6CGGagf_ad6ALXdVPH7UowXMxEnNYXzPvI98BRQf1yocPIHMcLcsF_4QXr0xvcGxkWl3426vZb7caR_9HmU3B1wMHIGjm9gkwFGkGgC56a9UvfXlXAR6G25L7nrS25w7sm9_V-vcH89C-0noxTfCJfCIVKdIpTxOW8Ege1YDGhYYo8NlCYGBejvy2xRxg7qSkkCAxuQbiCbkrFzsI20wLv4qurn1StG835TwsJO7tvLQ=UDbAOE59_JXNe6f1KGNq2Q==&amp;c=MTQ1OTM4NzMxOQ==\">&nbsp;wdra\u017canie bezserwerowych, sterowanych zdarzeniami kontener\u00f3w na&nbsp;platformie Kubernetes<\/a>&nbsp;, pozwalaj\u0105cych korzysta\u0107 z&nbsp;funkcji Azure w&nbsp;\u015brodowisku OpenShift (wersja zapoznawcza dla programist\u00f3w). Przyspiesza opracowywanie sterowanych zdarzeniami, bezserwerowych funkcji w&nbsp;ca\u0142ej chmurze hybrydowej i&nbsp;w&nbsp;\u015brodowisku lokalnym przy u\u017cyciu rozwi\u0105zania Red Hat OpenShift.<\/li>\n<\/ul>\n<ul>\n<li><strong>\u015arodowiska aplikacji wykorzystuj\u0105ce rozwi\u0105zanie Operators na&nbsp;platformie OpenShift wyposa\u017conej w&nbsp;oprogramowanie po\u015brednie Red Hat<\/strong>&nbsp;udost\u0119pniaj\u0105 mo\u017cliwo\u015bci rozwi\u0105zania OpenShift Certified Operators dla newralgicznych technologii do&nbsp;integracji i&nbsp;automatyzacji proces\u00f3w. Dzi\u0119ki temu dzia\u0142y informatyki mog\u0105 ujednolici\u0107 swoje \u015brodowiska programowania w&nbsp;oparciu o&nbsp;narz\u0119dzia Operators, co&nbsp;pozwala programistom skupi\u0107 si\u0119 wy\u0142\u0105cznie na&nbsp;dostarczaniu us\u0142ug i&nbsp;aplikacji nowej generacji bez zajmowania si\u0119 aktualizowaniem czy utrzymaniem narz\u0119dzi.<\/li>\n<\/ul>\n<p><strong>Zgodna z rozwi\u0105zaniem Operators technologia Red Hat OpenShift Container Storage 4<\/strong> to wysoce skalowalna, trwa\u0142a pami\u0119\u0107 masowa dla aplikacji chmurowych, kt\u00f3re wymagaj\u0105 takich funkcji jak szyfrowanie, replikacja i dost\u0119pno\u015b\u0107 w ca\u0142ej chmurze hybrydowej. Zespo\u0142y programist\u00f3w mog\u0105 dynamicznie konfigurowa\u0107 trwa\u0142e woluminy dla szerokiej gamy kategorii obci\u0105\u017ce\u0144, w tym baz danych SQL\/NoSQL, proces\u00f3w CI\/CD oraz sztucznej inteligencji\/uczenia maszynowego.<\/p>\n<p>[\/et_pb_accordion_item][et_pb_accordion_item title=&#8221;Red Hat Enterprise Linux&#8221; _builder_version=&#8221;4.17.6&#8243; global_colors_info=&#8221;{}&#8221; open=&#8221;off&#8221;]<\/p>\n<p><b>Wysokiej jako\u015bci system operacyjny typu Linux przeznaczony dla aplikacji biznesowych<\/b><\/p>\n<ul>\n<li>Wbudowane najpopularniejsze sprawdzone technologie OpenSource.<\/li>\n<li>Przygotowany do pracy zar\u00f3wno jako system operacyjny do aplikacji komercyjnych klasycznych lub hybrydowych.<\/li>\n<li>Przygotowany do instalacji na bare-metal, w chmurze hybrydowej oraz do przetwarzania brzegowego (tzw. Edge Computing)<\/li>\n<li>Obs\u0142uga strumieni aplikacji<\/li>\n<li>Wbudowane narz\u0119dzia do automatyzacji zarz\u0105dzania<\/li>\n<li>Wbudowany system zarz\u0105dzania to\u017csamo\u015bci\u0105<\/li>\n<li>Szerokie spektrum narz\u0119dzi dla programist\u00f3w<\/li>\n<li>Obs\u0142uga platform sprz\u0119towych: x86, ARM, IBM Power, IBM Z oraz IBM LinuxONE<\/li>\n<li>Mo\u017cliwe wsparcie producenta na poziomie 24&#215;7<\/li>\n<li>Wspierany przez wszystkich wiod\u0105cych producent\u00f3w serwer\u00f3w, oprogramowania wirtualizacyjnego oraz dostawc\u00f3w chmur publicznych.<\/li>\n<li>Ponad 20 lat istnienia na rynku<\/li>\n<\/ul>\n<p><em>Red Hat Enterprise Linux dostarcza kompletne, gotowe do u\u017cycia \u015brodowisko do uruchomiania i utrzymywania aplikacji, od og\u00f3lnodost\u0119pnych typu Open Source po komercyjne o kodzie zamkni\u0119tym.<\/em><\/p>\n<p>[\/et_pb_accordion_item][et_pb_accordion_item title=&#8221;Red Hat High Availability&#8221; _builder_version=&#8221;4.16&#8243; global_colors_info=&#8221;{}&#8221; open=&#8221;off&#8221;]<\/p>\n<p><b>System wysokiej dost\u0119pno\u015bci dla aplikacji biznesowych to: Red Hat Enterprise Linux wraz z dodatkiem Red Hat High Availability s\u0105 rozwi\u0105zaniem umo\u017cliwiaj\u0105cym aplikacjom osi\u0105gni\u0119cie maksymalnego poziomu dost\u0119pno\u015bci us\u0142ugi. Zaprojektowany specjalnie na Red Hat Enterprise Linuksa, Red Hat High Availability&nbsp;zapewnia dwa r\u00f3\u017cne mechanizmy klastrowania:<\/b><\/p>\n<ul>\n<li>Failover us\u0142ug i aplikacji: stw\u00f3rz n-w\u0119z\u0142owy klaster, aby zapewni\u0107 failover kluczowym aplikacjom.<\/li>\n<li>R\u00f3wnowa\u017cenie obci\u0105\u017cenia: roz\u0142\u00f3\u017c obci\u0105\u017cenie z jednego adresu IP na farm\u0119 serwer\u00f3w<\/li>\n<\/ul>\n<p>Z pomoc\u0105 Red Hat&nbsp;HA aplikacje mog\u0105 zosta\u0107 uruchomione w konfiguracji wysokiej dost\u0119pno\u015bci, dzi\u0119ki czemu wdro\u017cenia Enterprise Linuksa zawsze s\u0105 skalowalne.<\/p>\n<p><em>Red Hat High Availability&nbsp;dostarcza kompletnego, gotowego do u\u017cycia rozwi\u0105zania aplikacjom open source, takim jak NFS, Samba i Apache. W przypadku wi\u0119kszo\u015bci pozosta\u0142ych aplikacji, klienci mog\u0105 utworzy\u0107 w\u0142asne skrypty failover na przyk\u0142adzie dostarczonych szablon\u00f3w.<\/em><\/p>\n<p><b>Informacje techniczne <\/b><\/p>\n<p>Obs\u0142uga bardzo du\u017cej ilo\u015bci w\u0119z\u0142\u00f3w w klastrze.&nbsp;Umo\u017cliwienie jednoczesnego wykorzystania wysokiej dost\u0119pno\u015bci dla wielu aplikacji NFS\/CIFS failover: Wysoka dost\u0119pno\u015b\u0107 system\u00f3w plik\u00f3w dla \u015brodowiska Unix i Windows W pe\u0142ni wsp\u00f3\u0142dzielony zas\u00f3b dyskowy &#8211; wszystkie w\u0119z\u0142y klastra maj\u0105 do niego dost\u0119p Kompleksowa integralno\u015b\u0107 danych: U\u017cycie najnowszych technologii blokad I\/O, na przyk\u0142ad wbudowanych programowo, jak i zewn\u0119trznych wy\u0142\u0105cznik\u00f3w zasilania Failover us\u0142ug: Red Hat Cluster Suite nie tylko wykrywa i wznawia us\u0142ugi po wy\u0142\u0105czeniu lub awarii sprz\u0119tu, ale tak\u017ce monitoruje aplikacje upewniaj\u0105c si\u0119, \u017ce pracuj\u0105 prawid\u0142owo, i w razie problem\u00f3w restartuje je.<\/p>\n<p>[\/et_pb_accordion_item][et_pb_accordion_item title=&#8221;Red Hat Storage (Gluster lub Ceph)&#8221; _builder_version=&#8221;4.16&#8243; global_colors_info=&#8221;{}&#8221; open=&#8221;off&#8221;]Czym jest Software-Defined Storage ?<br \/>Spos\u00f3b sk\u0142adowania danych oparty na oprogramowaniu, a nie na komponentach sprz\u0119towych, tak jak to ma miejsce w klasycznych macierzach dyskowych. Rozwi\u0105zanie takie pozwala wykorzysta\u0107 istniej\u0105ce zasoby sprz\u0119towe do budowy rozleg\u0142ego magazynu w kt\u00f3rym mog\u0105 by\u0107 przechowywane dane w przedsi\u0119biorstwie.<\/p>\n<p>Red Hat proponuje zastosowanie dw\u00f3ch rozwi\u0105za\u0144 open source Glusted FS lub Ceph. Opieraj\u0105 si\u0119 one na innowacjach spo\u0142eczno\u015bci programist\u00f3w, partner\u00f3w i klient\u00f3w. Umo\u017cliwiaj\u0105 budow\u0119 rozproszonej macierzy w przedsi\u0119biorstwie na potrzeby budowy na przyk\u0142ad&nbsp;chmurze prywatnej. Wynikiem zastosowania tego rozwi\u0105zania jest skalowalne, lu\u017ano po\u0142\u0105czone \u015brodowisko dla przechowywania niestrukturalnych danych.[\/et_pb_accordion_item][et_pb_accordion_item title=&#8221;Red Hat JBoss Enterprise Application Platform &#8221; _builder_version=&#8221;4.17.2&#8243; _module_preset=&#8221;default&#8221; global_colors_info=&#8221;{}&#8221; open=&#8221;off&#8221;]<\/p>\n<p><b>To wiod\u0105ca na rynku platforma dla aplikacji Java. Zintegrowana, uproszczona i dostarczana przez lidera oprogramowania open source firm\u0119 Red Hat Inc. Zapraszamy do zapoznania si\u0119 z produktem i jego mo\u017cliwo\u015bciami.<\/b><\/p>\n<p>Do czego s\u0142u\u017cy?<\/p>\n<hr \/>\n<p>JBoss Enterprise Application Platform u\u0142atwia rozw\u00f3j, wdro\u017cenie i zarz\u0105dzanie aplikacjami Java. Zawiera najlepsze technologie open source do budowania, wdro\u017cenia i hostowania aplikacji i us\u0142ug Java w architekturze Service-Oriented. JBoss Enterprise Application Platform czyni aplikacje Javy \u0142atwymi, oczywistymi i przyst\u0119pnymi.<\/p>\n<p>Co w tym wyj\u0105tkowego?<\/p>\n<hr \/>\n<p>JBoss Enterprise Application Platform stanowi balans pomi\u0119dzy innowacjami a wymagan\u0105 stabilno\u015bci\u0105 rozwi\u0105za\u0144 dla przedsi\u0119biorstw. \u0141\u0105cz\u0105c najbardziej popularne serwery aplikacji z frameworkami nowej generacji w prost\u0105 i przyst\u0119pn\u0105 subskrypcj\u0119, JBoss Enterprise Application Platform zwi\u0119ksza produktywno\u015b\u0107 deweloper\u00f3w, redukuje komplikacje, upraszcza rozw\u00f3j aplikacji nowej generacji o krytycznych zadaniach, a tak\u017ce wspiera u\u017cytkownika i dramatycznie zmniejsza ca\u0142kowity koszt u\u017cytkowania.<\/p>\n<p>JBoss Enterprise Application Platform u\u0142atwia budowanie i hostowanie us\u0142ug w architekturze Service-Oriented. Niezale\u017cnie od tego, czy migrujesz na bardziej elastyczne, ustandaryzowane \u015brodowisko, czy budujesz aplikacje nast\u0119pnej generacji, JBoss Enterprise Application Platform zapewni ci zintegrowane, wiod\u0105ce na rynku technologie prezentacji aplikacji, us\u0142ug hostowania i zabezpieczania danych, jako pojedyncze rozwi\u0105zanie middleware; w u\u0142amku koszt\u00f3w tradycyjnych rozwi\u0105za\u0144 Javy. Buduj\u0105c otwarte standardy, JBoss Enterprise Application Platform scala technologie Java i Web 2.0, dostarczaj\u0105c kompletnego rozwi\u0105zania dla przysz\u0142ych korporacyjnych aplikacji Java. Application Platform zawiera JBoss Application Server \u0096 prowadz\u0105cy na rynku serwer aplikacji Java do rozwijania, hostowania i klastrowania aplikacji Java i us\u0142ug webowych; zawieraj\u0105cy JBoss Hibernate \u0096 technologi\u0119 obiektowo-relacyjnego mapowania, a tak\u017ce JBoss Seam \u0096 popularny framework do budowania nowoczesnych aplikacji Web 2.0. Dost\u0119pne dzi\u0119ki wygodnym i przyst\u0119pnym subskrypcjom, JBoss Enterprise Application Platform zawiera wszystko, czego potrzebujesz do uruchomienia ustandaryzowanych aplikacji web i Java, po\u0142\u0105czone i dostarczone przez lider\u00f3w open source.<\/p>\n<p>Stabilne innowacje: Wp\u0142yw przoduj\u0105cych technologii na budowanie i hostowanie nowoczesnych aplikacji Java i us\u0142ug web. Zysk z zastosowania najnowszych innowacji open source, kt\u00f3re po zintegrowaniu testowaniu i certyfikacji, jako niezwykle stabilne s\u0105 w pe\u0142ni wspierane przez lider\u00f3w open source w Javie.<\/p>\n<p>Zwi\u0119kszona produktywno\u015b\u0107 deweloper\u00f3w: U\u017cywanie zintegrowanych technologii Web 2.0, kt\u00f3re dzia\u0142aj\u0105 od pocz\u0105tku wraz z serwerem aplikacji. Usuni\u0119cie komplikacji przy konfiguracji i uproszczenie rozwoju dzi\u0119ki pojedynczej i elastycznej platformie aplikacji, \u0142\u0105cz\u0105cej si\u0142\u0119 wsp\u00f3\u0142pracy open source ze stabilno\u015bci\u0105 na poziomie produkcyjnym.<\/p>\n<p>Korporacyjna wydajno\u015b\u0107: Korzystaj z klastrowania i mechanizm\u00f3w wysokiej dost\u0119pno\u015bci w celu uzyskania najwy\u017cszej wydajno\u015bci. U\u017cyj stabilnej podstawy dla aplikacji pe\u0142ni\u0105cych krytyczne zadanie, stosuj\u0105c fail-over, rozk\u0142adanie obci\u0105\u017cenia i funkcje rozproszenia, a zbudujesz du\u017ce, skalowalne aplikacje biznesowe.<\/p>\n<p>Zwi\u0119ksz bud\u017cet: Zwi\u0119ksz przychody i oszcz\u0119dno\u015bci z inwestycji poprzez zastosowanie rozwi\u0105zania middleware, kt\u00f3re zawiera wszystkie potrzebne aplikacje Java.<\/p>\n<p>U\u017cyj otwartych standard\u00f3w: Unikaj zamkni\u0119tych standard\u00f3w we wdro\u017ceniach Javy u\u017cywaj\u0105c otwartych odpowiednik\u00f3w, a dzi\u0119ki ich prze\u017aroczysto\u015bci zobaczysz co dok\u0142adnie si\u0119 dzieje na u\u017cywanej platformie.<\/p>\n<p><b>Komponenty i ich cechy <\/b><\/p>\n<p>JBoss Enterprise Application Platform jest zintegrowan\u0105 aplikacj\u0105 Java Enterprise Edition (EE) i platform\u0105 hostuj\u0105c\u0105 us\u0142ugi, kt\u00f3ra rozszerza standard Javy, tworz\u0105c fundamenty Javy EE 5. Certyfikowane jest uruchamianie Application Platform na wielu wirtualnych maszynach i systemach operacyjnych, w\u0142\u0105czaj\u0105c Red Hat Enterprise Linux, inne dystrybucje Linuksa, system Unix, Windows i jest kompatybilny z wiod\u0105cymi bazami danych. JBoss Enterprise Application Platform jest zintegrowany i przystosowany wydajno\u015bciowo od samego pocz\u0105tku dla krytycznych, biznesowych \u015brodowisk produkcyjnych. Integruj\u0105c Jav\u0119 EE i technologie Web 2.0 jak Hibernate czy Seam w JBoss Application Server, JBoss Enterprise Application Platform jest rozwi\u0105zaniem gotowym na aplikacje Javy nast\u0119pnej generacji.<\/p>\n<p>JBoss Application Server: to najcz\u0119\u015bciej u\u017cywany na rynku serwer aplikacji Javy. To certyfikowana platforma Javy do rozwoju i uruchamiania aplikacji klasy enterprise. JBoss Application Serwer obs\u0142uguje zar\u00f3wno tradycyjne API i Java EE API, z ulepszon\u0105 wydajno\u015bci\u0105 i skalowalno\u015bci\u0105 poprzez replikacje buddy i fine grained. JBoss Application Server dostarcza kompletn\u0105 platform\u0119 Javy integruj\u0105c oprogramowanie Apache Tomcat jako kontener webowy wraz z funkcjami cache&#8217;owania danych, klastrowaniem, komunikatami, transakcjami; uzupe\u0142niony te\u017c o stos us\u0142ug webowych, kt\u00f3ry upraszcza rozw\u00f3j tych us\u0142ug. Poza dostarczaniem pe\u0142nej gamy us\u0142ug J2EE 1.4, JBoss Application Server zawiera rozszerzone wsparcie dla funkcji Javy EE 5 takich jak: EJB 3.0, Java Persistence API 1.0, Servlet 2.5, JSP 2.1, JSP\/EL 1.0, JSTL 1.2, JSF 1.2, Javamail 1.4, JAF 1.1, SAAJ 1.3, JTA 1.1.<\/p>\n<p>Hibernate: wiod\u0105ca technologia mapowania obiektowo-relacyjnego (ORM) i jego odporno\u015bci. Hibernate bezpo\u015brednio adresuje z\u0142o\u017cone ORM dostarczaj\u0105c mo\u017cliwo\u015b\u0107 mapowania reprezentacji danych modelu obiektowego do relacyjnego modelu danych i odpowiedniego schematu bazy danych. Hibernate nie tylko mapuje z klas Javy do tabel bazy danych, ale te\u017c dostarcza narz\u0119dzi u\u0142atwiaj\u0105cych wysy\u0142anie i przetwarzanie zapyta\u0144, kt\u00f3re znacznie skracaj\u0105 czas rozwoju. Hibernate odci\u0105\u017ca deweloper\u00f3w aplikacji biznesowych od ci\u0105g\u0142ego programowania obs\u0142ugi zdarze\u0144 wyj\u0105tkowych, dzi\u0119ki wyeliminowaniu potrzeby r\u0119cznego przetwarzania danych za pomoc\u0105 SQL i JDBC.<\/p>\n<p>Seam: Seam to pot\u0119\u017cny framework u\u0142atwiaj\u0105cy budowanie aplikacji nowej generacji \u0096 Web 2.0. Seam zapewnia uproszczony model programowania dla EJB3, JSF (Java Server Faces), jBMP i pomaga obej\u015b\u0107 pospolite problemy i narzekania ze strony deweloper\u00f3w na zwyk\u0142\u0105 JEE. Seam pomaga ujednolica\u0107 i integrowa\u0107 takie technologie jak Asynchronous JavaScript and XML (AJAX), Java Server Faces (JSF), Enterprise Java Beans (EJB3), Java Portlets i Business Process Management (BPM).<\/p>\n<p>[\/et_pb_accordion_item][\/et_pb_accordion][\/et_pb_column][\/et_pb_row][et_pb_row _builder_version=&#8221;4.16&#8243; background_size=&#8221;initial&#8221; background_position=&#8221;top_left&#8221; background_repeat=&#8221;repeat&#8221; global_colors_info=&#8221;{}&#8221;][et_pb_column type=&#8221;4_4&#8243; _builder_version=&#8221;4.16&#8243; custom_padding=&#8221;|||&#8221; global_colors_info=&#8221;{}&#8221; custom_padding__hover=&#8221;|||&#8221;][et_pb_image alt=&#8221;loga partnerow&#8221; title_text=&#8221;loga partnerow&#8221; show_bottom_space=&#8221;off&#8221; align_tablet=&#8221;center&#8221; align_phone=&#8221;center&#8221; align_last_edited=&#8221;on|desktop&#8221; admin_label=&#8221;loga partnerow&#8221; _builder_version=&#8221;4.17.2&#8243; use_border_color=&#8221;off&#8221; border_color=&#8221;#ffffff&#8221; border_style=&#8221;solid&#8221; animation=&#8221;off&#8221; sticky=&#8221;on&#8221; always_center_on_mobile=&#8221;on&#8221; global_colors_info=&#8221;{}&#8221;][\/et_pb_image][\/et_pb_column][\/et_pb_row][\/et_pb_section]<\/p>\n","protected":false},"excerpt":{"rendered":"<p>Sprawdzona platforma Kubernetes klasy enterprise Red Hat OpenShift Container Platform to&nbsp;certyfikowana, zgodna z&nbsp;wymogami platforma Kubernetes, co&nbsp;zosta\u0142o potwierdzone przez organizacj\u0119 Cloud Native Computing Foundation (CNCF). To&nbsp;jedyna oferta Kubernetes dla firm oparta na&nbsp;sprawdzonej&nbsp;platformie linuksowej dla przedsi\u0119biorstw&nbsp;, za&nbsp;kt\u00f3r\u0105 stoi wiedza specjalistyczna w&nbsp;dziedzinie system\u00f3w open source, kompatybilny ekosystem i&nbsp;czo\u0142owa pozycja rynkowa firmy Red Hat. Jako kluczowy cz\u0142onek spo\u0142eczno\u015bci Kubernetes [&hellip;]<\/p>\n","protected":false},"author":2,"featured_media":0,"parent":0,"menu_order":0,"comment_status":"open","ping_status":"closed","template":"","meta":{"_et_pb_use_builder":"on","_et_pb_old_content":"","_et_gb_content_width":"","footnotes":""},"class_list":["post-116","page","type-page","status-publish","hentry"],"_links":{"self":[{"href":"https:\/\/atom-tech.pl\/index.php\/wp-json\/wp\/v2\/pages\/116","targetHints":{"allow":["GET"]}}],"collection":[{"href":"https:\/\/atom-tech.pl\/index.php\/wp-json\/wp\/v2\/pages"}],"about":[{"href":"https:\/\/atom-tech.pl\/index.php\/wp-json\/wp\/v2\/types\/page"}],"author":[{"embeddable":true,"href":"https:\/\/atom-tech.pl\/index.php\/wp-json\/wp\/v2\/users\/2"}],"replies":[{"embeddable":true,"href":"https:\/\/atom-tech.pl\/index.php\/wp-json\/wp\/v2\/comments?post=116"}],"version-history":[{"count":0,"href":"https:\/\/atom-tech.pl\/index.php\/wp-json\/wp\/v2\/pages\/116\/revisions"}],"wp:attachment":[{"href":"https:\/\/atom-tech.pl\/index.php\/wp-json\/wp\/v2\/media?parent=116"}],"curies":[{"name":"wp","href":"https:\/\/api.w.org\/{rel}","templated":true}]}}