{"id":113,"date":"2015-05-08T19:58:53","date_gmt":"2015-05-08T17:58:53","guid":{"rendered":"http:\/\/serwer1383533.home.pl\/atom_wp\/?page_id=113"},"modified":"2015-05-08T19:58:53","modified_gmt":"2015-05-08T17:58:53","slug":"infrastruktura","status":"publish","type":"page","link":"https:\/\/atom-tech.pl\/index.php\/infrastruktura\/","title":{"rendered":"Infrastruktura"},"content":{"rendered":"<p>[et_pb_section fb_built=&#8221;1&#8243; fullwidth=&#8221;on&#8221; custom_padding_last_edited=&#8221;on|desktop&#8221; _builder_version=&#8221;4.16&#8243; background_color=&#8221;#116ebf&#8221; background_image=&#8221;https:\/\/www.atom-tech.pl\/wp-content\/uploads\/2015\/05\/menu_subpage.jpg&#8221; custom_padding_tablet=&#8221;50px|0|50px|0&#8243; transparent_background=&#8221;off&#8221; padding_mobile=&#8221;off&#8221; make_fullwidth=&#8221;off&#8221; use_custom_width=&#8221;off&#8221; width_unit=&#8221;on&#8221; global_colors_info=&#8221;{}&#8221; custom_padding_phone=&#8221;50px|0|50px|0&#8243;][et_pb_fullwidth_header title=&#8221;Infrastruktura&#8221; subhead=&#8221;Nasze rozwi\u0105zania dopasowujemy do potrzeb i wymaga\u0144 klienta. Podstawowym sk\u0142adnikiem naszych rozwi\u0105za\u0144 najcz\u0119\u015bciej s\u0105 serwery typu blade. &#8221; content_max_width=&#8221;none&#8221; admin_label=&#8221;Fullwidth Header&#8221; _builder_version=&#8221;4.16&#8243; background_color=&#8221;rgba(255, 255, 255, 0)&#8221; global_colors_info=&#8221;{}&#8221; button_one_text_size__hover_enabled=&#8221;off&#8221; button_two_text_size__hover_enabled=&#8221;off&#8221; button_one_text_color__hover_enabled=&#8221;off&#8221; button_two_text_color__hover_enabled=&#8221;off&#8221; button_one_border_width__hover_enabled=&#8221;off&#8221; button_two_border_width__hover_enabled=&#8221;off&#8221; button_one_border_color__hover_enabled=&#8221;off&#8221; button_two_border_color__hover_enabled=&#8221;off&#8221; button_one_border_radius__hover_enabled=&#8221;off&#8221; button_two_border_radius__hover_enabled=&#8221;off&#8221; button_one_letter_spacing__hover_enabled=&#8221;off&#8221; button_two_letter_spacing__hover_enabled=&#8221;off&#8221; button_one_bg_color__hover_enabled=&#8221;off&#8221; button_two_bg_color__hover_enabled=&#8221;off&#8221;][\/et_pb_fullwidth_header][\/et_pb_section][et_pb_section fb_built=&#8221;1&#8243; _builder_version=&#8221;4.16&#8243; global_colors_info=&#8221;{}&#8221;][et_pb_row _builder_version=&#8221;4.16&#8243; background_size=&#8221;initial&#8221; background_position=&#8221;top_left&#8221; background_repeat=&#8221;repeat&#8221; global_colors_info=&#8221;{}&#8221; column_structure=&#8221;1_3,2_3&#8243;][et_pb_column type=&#8221;1_3&#8243; _builder_version=&#8221;4.16&#8243; custom_padding=&#8221;|||&#8221; global_colors_info=&#8221;{}&#8221; custom_padding__hover=&#8221;|||&#8221;][et_pb_text admin_label=&#8221;Tekst&#8221; _builder_version=&#8221;4.16&#8243; background_size=&#8221;initial&#8221; background_position=&#8221;top_left&#8221; background_repeat=&#8221;repeat&#8221; global_colors_info=&#8221;{}&#8221;]<\/p>\n<h1><strong><span style=\"color: #0a76a9;\">Atom-tech oferuje swoim aktualnym i potencjalnym klientom pe\u0142en zakres us\u0142ug w zakresie obs\u0142ugi infrastruktury serwerowej.<\/span><\/strong><\/h1>\n<p>[\/et_pb_text][\/et_pb_column][et_pb_column type=&#8221;2_3&#8243; _builder_version=&#8221;4.16&#8243; custom_padding=&#8221;|||&#8221; global_colors_info=&#8221;{}&#8221; custom_padding__hover=&#8221;|||&#8221;][et_pb_text admin_label=&#8221;Tekst&#8221; _builder_version=&#8221;4.17.6&#8243; background_size=&#8221;initial&#8221; background_position=&#8221;top_left&#8221; background_repeat=&#8221;repeat&#8221; hover_enabled=&#8221;0&#8243; use_border_color=&#8221;off&#8221; border_color=&#8221;#ffffff&#8221; border_style=&#8221;solid&#8221; global_colors_info=&#8221;{}&#8221; sticky_enabled=&#8221;0&#8243;]<\/p>\n<p><b>Atom-tech dzi\u0119ki swojemu do\u015bwiadczeniu w sprzeda\u017cy, wdra\u017caniu i serwisowaniu serwer\u00f3w i osprz\u0119tu serwerowego czo\u0142owych producent\u00f3w (HPE, Dell, IBM) oferuje swoim aktualnym i potencjalnym klientom pe\u0142en zakres us\u0142ug w zakresie obs\u0142ugi infrastruktury serwerowej.<\/b><\/p>\n<p>Nasze rozwi\u0105zania dopasowujemy do potrzeb i wymaga\u0144 klienta. Podstawowym sk\u0142adnikiem naszych rozwi\u0105za\u0144 najcz\u0119\u015bciej s\u0105 hiperkonwergentne systemy <em>o niskim poborze pr\u0105du i du\u017cej g\u0119sto\u015bci upakowania<\/em>. Dzi\u0119ki swej uniwersalno\u015bci, prostocie administracji i niezawodno\u015bci s\u0105 \u015bwietnym wyborem do budowy struktur tworz\u0105cych nowoczesny system informatyczny firmy. Cechuj\u0105 si\u0119 kompaktow\u0105 i zwart\u0105 konstrukcj\u0105, brakiem \u0084tradycyjnych\u0094 po\u0142\u0105cze\u0144 mi\u0119dzy komponentami oraz radykalnie uproszczonym systemem zarz\u0105dzania.<\/p>\n<p>Poza serwerami nasza firma oferuje us\u0142ugi sprzeda\u017cy, instalacji i konfiguracji dla takich urz\u0105dze\u0144 jak macierze, nap\u0119dy ta\u015bmowe, prze\u0142\u0105czniki, routery i zapory sieciowe.<\/p>\n<p>Jako uzupe\u0142nienie oferty serwerowej bazuj\u0105cej na procesorach x86 proponujemy bezpieczne i wydajne serwery<strong> IBM Power Systems<\/strong> bazuj\u0105ce na procesorach <strong>Power10. <\/strong>Najnowsze modele posiadaj\u0105 wbudowan\u0105 wirtualizacj\u0119 <strong>PowerVM<\/strong> oraz mi\u0119dzy innymi umo\u017cliwiaj\u0105 uruchomienie du\u017cej ilo\u015bci maszyn wirtualnych z systemem operacyjnym <strong>Red Hat Linux for IBM Power LE<\/strong><\/p>\n<p>[\/et_pb_text][\/et_pb_column][\/et_pb_row][et_pb_row _builder_version=&#8221;4.16&#8243; background_size=&#8221;initial&#8221; background_position=&#8221;top_left&#8221; background_repeat=&#8221;repeat&#8221; global_colors_info=&#8221;{}&#8221;][et_pb_column type=&#8221;4_4&#8243; _builder_version=&#8221;4.16&#8243; custom_padding=&#8221;|||&#8221; global_colors_info=&#8221;{}&#8221; custom_padding__hover=&#8221;|||&#8221;][et_pb_image alt=&#8221;loga partnerow&#8221; title_text=&#8221;loga partnerow&#8221; show_bottom_space=&#8221;off&#8221; align_tablet=&#8221;center&#8221; align_last_edited=&#8221;on|desktop&#8221; admin_label=&#8221;loga partnerow&#8221; _builder_version=&#8221;4.17.6&#8243; hover_enabled=&#8221;0&#8243; use_border_color=&#8221;off&#8221; border_color=&#8221;#ffffff&#8221; border_style=&#8221;solid&#8221; animation=&#8221;off&#8221; sticky=&#8221;on&#8221; always_center_on_mobile=&#8221;on&#8221; global_colors_info=&#8221;{}&#8221; sticky_enabled=&#8221;0&#8243; align_phone=&#8221;center&#8221;][\/et_pb_image][\/et_pb_column][\/et_pb_row][\/et_pb_section]<\/p>\n","protected":false},"excerpt":{"rendered":"<p>Atom-tech oferuje swoim aktualnym i potencjalnym klientom pe\u0142en zakres us\u0142ug w zakresie obs\u0142ugi infrastruktury serwerowej. Atom-tech dzi\u0119ki swojemu do\u015bwiadczeniu w sprzeda\u017cy, wdra\u017caniu i serwisowaniu serwer\u00f3w i osprz\u0119tu serwerowego czo\u0142owych producent\u00f3w (HPE, Dell, IBM) oferuje swoim aktualnym i potencjalnym klientom pe\u0142en zakres us\u0142ug w zakresie obs\u0142ugi infrastruktury serwerowej. Nasze rozwi\u0105zania dopasowujemy do potrzeb i wymaga\u0144 klienta. [&hellip;]<\/p>\n","protected":false},"author":2,"featured_media":0,"parent":0,"menu_order":0,"comment_status":"open","ping_status":"closed","template":"","meta":{"_et_pb_use_builder":"on","_et_pb_old_content":"","_et_gb_content_width":"","footnotes":""},"class_list":["post-113","page","type-page","status-publish","hentry"],"_links":{"self":[{"href":"https:\/\/atom-tech.pl\/index.php\/wp-json\/wp\/v2\/pages\/113","targetHints":{"allow":["GET"]}}],"collection":[{"href":"https:\/\/atom-tech.pl\/index.php\/wp-json\/wp\/v2\/pages"}],"about":[{"href":"https:\/\/atom-tech.pl\/index.php\/wp-json\/wp\/v2\/types\/page"}],"author":[{"embeddable":true,"href":"https:\/\/atom-tech.pl\/index.php\/wp-json\/wp\/v2\/users\/2"}],"replies":[{"embeddable":true,"href":"https:\/\/atom-tech.pl\/index.php\/wp-json\/wp\/v2\/comments?post=113"}],"version-history":[{"count":0,"href":"https:\/\/atom-tech.pl\/index.php\/wp-json\/wp\/v2\/pages\/113\/revisions"}],"wp:attachment":[{"href":"https:\/\/atom-tech.pl\/index.php\/wp-json\/wp\/v2\/media?parent=113"}],"curies":[{"name":"wp","href":"https:\/\/api.w.org\/{rel}","templated":true}]}}