{"id":110,"date":"2015-05-08T19:57:22","date_gmt":"2015-05-08T17:57:22","guid":{"rendered":"http:\/\/serwer1383533.home.pl\/atom_wp\/?page_id=110"},"modified":"2015-05-08T19:57:22","modified_gmt":"2015-05-08T17:57:22","slug":"monitoring","status":"publish","type":"page","link":"https:\/\/atom-tech.pl\/index.php\/monitoring\/","title":{"rendered":"Monitoring"},"content":{"rendered":"<p>[et_pb_section fb_built=&#8221;1&#8243; fullwidth=&#8221;on&#8221; custom_padding_last_edited=&#8221;on|desktop&#8221; _builder_version=&#8221;4.16&#8243; background_color=&#8221;#116ebf&#8221; background_image=&#8221;https:\/\/www.atom-tech.pl\/wp-content\/uploads\/2015\/05\/menu_subpage.jpg&#8221; custom_padding_tablet=&#8221;50px|0|50px|0&#8243; custom_padding_phone=&#8221;50px|0|50px|0&#8243; transparent_background=&#8221;off&#8221; padding_mobile=&#8221;off&#8221; make_fullwidth=&#8221;off&#8221; use_custom_width=&#8221;off&#8221; width_unit=&#8221;on&#8221; global_colors_info=&#8221;{}&#8221;][et_pb_fullwidth_header title=&#8221;Monitoring&#8221; subhead=&#8221;Kluczow\u0105 kwesti\u0105 wdro\u017cenia system\u00f3w jest zapewnienie ci\u0105g\u0142o\u015bci ich dzia\u0142ania. &#8221; content_max_width=&#8221;none&#8221; admin_label=&#8221;Fullwidth Header&#8221; _builder_version=&#8221;4.16&#8243; background_color=&#8221;rgba(255, 255, 255, 0)&#8221; global_colors_info=&#8221;{}&#8221; button_one_text_size__hover_enabled=&#8221;off&#8221; button_two_text_size__hover_enabled=&#8221;off&#8221; button_one_text_color__hover_enabled=&#8221;off&#8221; button_two_text_color__hover_enabled=&#8221;off&#8221; button_one_border_width__hover_enabled=&#8221;off&#8221; button_two_border_width__hover_enabled=&#8221;off&#8221; button_one_border_color__hover_enabled=&#8221;off&#8221; button_two_border_color__hover_enabled=&#8221;off&#8221; button_one_border_radius__hover_enabled=&#8221;off&#8221; button_two_border_radius__hover_enabled=&#8221;off&#8221; button_one_letter_spacing__hover_enabled=&#8221;off&#8221; button_two_letter_spacing__hover_enabled=&#8221;off&#8221; button_one_bg_color__hover_enabled=&#8221;off&#8221; button_two_bg_color__hover_enabled=&#8221;off&#8221;][\/et_pb_fullwidth_header][\/et_pb_section][et_pb_section fb_built=&#8221;1&#8243; _builder_version=&#8221;4.16&#8243; global_colors_info=&#8221;{}&#8221;][et_pb_row column_structure=&#8221;1_3,2_3&#8243; _builder_version=&#8221;4.16&#8243; background_size=&#8221;initial&#8221; background_position=&#8221;top_left&#8221; background_repeat=&#8221;repeat&#8221; global_colors_info=&#8221;{}&#8221;][et_pb_column type=&#8221;1_3&#8243; _builder_version=&#8221;4.16&#8243; custom_padding=&#8221;|||&#8221; global_colors_info=&#8221;{}&#8221; custom_padding__hover=&#8221;|||&#8221;][et_pb_text admin_label=&#8221;Tekst&#8221; _builder_version=&#8221;4.16&#8243; background_size=&#8221;initial&#8221; background_position=&#8221;top_left&#8221; background_repeat=&#8221;repeat&#8221; global_colors_info=&#8221;{}&#8221;]<\/p>\n<h1><span style=\"color: #0a76a9;\"><b>Proponujemy Pa\u0144stwu wyspecjalizowane \u015brodowisko do monitorowania, inwentaryzacji oraz wsparcia proces\u00f3w serwisowych w pe\u0142ni bazuj\u0105ce na oprogramowaniu Open Source, oparte na licencji GNU\/GPL. <\/b><\/span><\/h1>\n<p>[\/et_pb_text][\/et_pb_column][et_pb_column type=&#8221;2_3&#8243; _builder_version=&#8221;4.16&#8243; custom_padding=&#8221;|||&#8221; global_colors_info=&#8221;{}&#8221; custom_padding__hover=&#8221;|||&#8221;][et_pb_text admin_label=&#8221;Tekst&#8221; _builder_version=&#8221;4.16&#8243; background_size=&#8221;initial&#8221; background_position=&#8221;top_left&#8221; background_repeat=&#8221;repeat&#8221; global_colors_info=&#8221;{}&#8221;]<b>Dzi\u0119ki temu nie ponosz\u0105 Pa\u0144stwo koszt\u00f3w licencji oprogramowania oraz otrzymuj\u0105 pe\u0142en wgl\u0105d w kod \u017ar\u00f3d\u0142owy aplikacji, zyskuj\u0105c mo\u017cliwo\u015b\u0107 modyfikacji kodu, a co za tym idzie mo\u017cliwo\u015b\u0107 dostosowania do w\u0142asnych potrzeb i wymaga\u0144.<\/b><\/p>\n<p>W sk\u0142ad zestawu proponowanych aplikacji wchodz\u0105 systemy o ugruntowanej pozycji na rynku, ci\u0105gle rozwijane i ulepszane. Ka\u017cdy z system\u00f3w jako platform\u0119 systemow\u0105, bazodanow\u0105 oraz aplikacyjn\u0105 wykorzystuje rozwi\u0105zania Open Source.<\/p>\n<p>Ze swej strony jako system operacyjny dla aplikacji proponujemy Pa\u0144stwu RedHat Enterprise Linux, b\u0119d\u0105cy zaawansowanym rozwi\u0105zaniem dla platform serwerowych, spe\u0142niaj\u0105cy wszystkie wymagania stawiane przez aplikacje do monitoringu i zarz\u0105dzania.<\/p>\n<p><b>Kluczow\u0105 kwesti\u0105 dla wdro\u017cenia powy\u017cszych system\u00f3w jest zapewnienie dla nich ci\u0105g\u0142o\u015bci dzia\u0142ania. W zwi\u0105zku z tym proponujemy zastosowanie jednej z poni\u017cszych technologii, celem wyeliminowania przestoju system\u00f3w na wypadek awarii:<\/b><br \/>\n[\/et_pb_text][\/et_pb_column][\/et_pb_row][et_pb_row column_structure=&#8221;1_2,1_2&#8243; _builder_version=&#8221;4.16&#8243; background_size=&#8221;initial&#8221; background_position=&#8221;top_left&#8221; background_repeat=&#8221;repeat&#8221; global_colors_info=&#8221;{}&#8221;][et_pb_column type=&#8221;1_2&#8243; _builder_version=&#8221;4.16&#8243; custom_padding=&#8221;|||&#8221; global_colors_info=&#8221;{}&#8221; custom_padding__hover=&#8221;|||&#8221;][et_pb_toggle title=&#8221;Wirtualizacja&#8221; open=&#8221;on&#8221; admin_label=&#8221;Wirtualizacja&#8221; _builder_version=&#8221;4.17.6&#8243; background_size=&#8221;initial&#8221; background_position=&#8221;top_left&#8221; background_repeat=&#8221;repeat&#8221; global_colors_info=&#8221;{}&#8221;]<\/p>\n<ul>\n<li>instalacja i konfiguracja aplikacji w \u015brodowisku wirtualnym, u\u0142atwiaj\u0105ca konsolidacj\u0119, odzyskiwanie oraz transfer serwer\u00f3w na wypadek awarii. Dodatkowo technologia wirtualizacji mo\u017ce by\u0107 wykorzystana jednocze\u015bnie z metod\u0105 klastrowania czy konteneryzacji, co zapewni najlepsz\u0105 ochron\u0119 i mo\u017cliwo\u015bci zarz\u0105dzania.<\/li>\n<\/ul>\n<p>[\/et_pb_toggle][\/et_pb_column][et_pb_column type=&#8221;1_2&#8243; _builder_version=&#8221;4.16&#8243; custom_padding=&#8221;|||&#8221; global_colors_info=&#8221;{}&#8221; custom_padding__hover=&#8221;|||&#8221;][et_pb_toggle title=&#8221;Klastry&#8221; open=&#8221;on&#8221; admin_label=&#8221;Klastry&#8221; _builder_version=&#8221;4.17.6&#8243; background_size=&#8221;initial&#8221; background_position=&#8221;top_left&#8221; background_repeat=&#8221;repeat&#8221; global_colors_info=&#8221;{}&#8221;]<\/p>\n<ul>\n<li>instalacja i konfiguracja aplikacji w oparciu o technologi\u0119 klastra, zapewniaj\u0105ca ci\u0105g\u0142o\u015b\u0107 dzia\u0142ania w przypadku awarii jednego z serwer\u00f3w (w\u0119z\u0142\u00f3w).<\/li>\n<\/ul>\n<p>[\/et_pb_toggle][\/et_pb_column][\/et_pb_row][et_pb_row _builder_version=&#8221;4.16&#8243; background_size=&#8221;initial&#8221; background_position=&#8221;top_left&#8221; background_repeat=&#8221;repeat&#8221; global_colors_info=&#8221;{}&#8221;][et_pb_column type=&#8221;4_4&#8243; _builder_version=&#8221;4.16&#8243; custom_padding=&#8221;|||&#8221; global_colors_info=&#8221;{}&#8221; custom_padding__hover=&#8221;|||&#8221;][et_pb_text admin_label=&#8221;Tekst&#8221; _builder_version=&#8221;4.17.6&#8243; background_size=&#8221;initial&#8221; background_position=&#8221;top_left&#8221; background_repeat=&#8221;repeat&#8221; global_colors_info=&#8221;{}&#8221;]<\/p>\n<p><span style=\"color: #0a76a9;\"><b>Na wdro\u017cenie sk\u0142adaj\u0105 si\u0119 m.in. nast\u0119puj\u0105ce procesy:<\/b><\/span><\/p>\n<hr \/>\n<ul>\n<li>wyb\u00f3r wraz z Klientem optymalnej platformy serwerowej (r\u00f3wnie\u017c sprz\u0119towej), w tym technologii zapewniaj\u0105cej wysok\u0105 dost\u0119pno\u015b\u0107 oraz wymagan\u0105 wydajno\u015b\u0107,<\/li>\n<li>instalacja i konfiguracja podstawy serwerowej dla wdra\u017canych system\u00f3w: systemy operacyjne, bazy danych oraz serwery aplikacyjne,<\/li>\n<li>instalacja i konfiguracja aplikacji do monitorowania, inwentaryzacji oraz wsparcia proces\u00f3w serwisowych,<\/li>\n<li>optymalizacja i dostosowanie aplikacji do wymaga\u0144 Klienta,<\/li>\n<li>testy na wybranej grupie urz\u0105dze\u0144, aplikacji i u\u017cytkownik\u00f3w,<\/li>\n<li>pe\u0142ne wdro\u017cenie produkcyjne zar\u00f3wno w centrali firmy jak i w lokalizacjach zdalnych,<\/li>\n<li>pe\u0142ne wsparcie serwisowe dla wdro\u017conych produkt\u00f3w.<\/li>\n<\/ul>\n<p>[\/et_pb_text][\/et_pb_column][\/et_pb_row][et_pb_row _builder_version=&#8221;4.16&#8243; background_size=&#8221;initial&#8221; background_position=&#8221;top_left&#8221; background_repeat=&#8221;repeat&#8221; global_colors_info=&#8221;{}&#8221;][et_pb_column type=&#8221;4_4&#8243; _builder_version=&#8221;4.16&#8243; custom_padding=&#8221;|||&#8221; global_colors_info=&#8221;{}&#8221; custom_padding__hover=&#8221;|||&#8221;][et_pb_image alt=&#8221;loga partnerzy&#8221; title_text=&#8221;loga partnerzy&#8221; show_bottom_space=&#8221;off&#8221; align_tablet=&#8221;center&#8221; align_phone=&#8221;center&#8221; align_last_edited=&#8221;on|desktop&#8221; admin_label=&#8221;loga partnerzy&#8221; _builder_version=&#8221;4.17.6&#8243; use_border_color=&#8221;off&#8221; border_color=&#8221;#ffffff&#8221; border_style=&#8221;solid&#8221; animation=&#8221;off&#8221; sticky=&#8221;on&#8221; always_center_on_mobile=&#8221;on&#8221; global_colors_info=&#8221;{}&#8221;][\/et_pb_image][\/et_pb_column][\/et_pb_row][\/et_pb_section]<\/p>\n","protected":false},"excerpt":{"rendered":"<p>Proponujemy Pa\u0144stwu wyspecjalizowane \u015brodowisko do monitorowania, inwentaryzacji oraz wsparcia proces\u00f3w serwisowych w pe\u0142ni bazuj\u0105ce na oprogramowaniu Open Source, oparte na licencji GNU\/GPL. Dzi\u0119ki temu nie ponosz\u0105 Pa\u0144stwo koszt\u00f3w licencji oprogramowania oraz otrzymuj\u0105 pe\u0142en wgl\u0105d w kod \u017ar\u00f3d\u0142owy aplikacji, zyskuj\u0105c mo\u017cliwo\u015b\u0107 modyfikacji kodu, a co za tym idzie mo\u017cliwo\u015b\u0107 dostosowania do w\u0142asnych potrzeb i wymaga\u0144. W [&hellip;]<\/p>\n","protected":false},"author":2,"featured_media":0,"parent":0,"menu_order":0,"comment_status":"open","ping_status":"closed","template":"","meta":{"_et_pb_use_builder":"on","_et_pb_old_content":"","_et_gb_content_width":"","footnotes":""},"class_list":["post-110","page","type-page","status-publish","hentry"],"_links":{"self":[{"href":"https:\/\/atom-tech.pl\/index.php\/wp-json\/wp\/v2\/pages\/110","targetHints":{"allow":["GET"]}}],"collection":[{"href":"https:\/\/atom-tech.pl\/index.php\/wp-json\/wp\/v2\/pages"}],"about":[{"href":"https:\/\/atom-tech.pl\/index.php\/wp-json\/wp\/v2\/types\/page"}],"author":[{"embeddable":true,"href":"https:\/\/atom-tech.pl\/index.php\/wp-json\/wp\/v2\/users\/2"}],"replies":[{"embeddable":true,"href":"https:\/\/atom-tech.pl\/index.php\/wp-json\/wp\/v2\/comments?post=110"}],"version-history":[{"count":0,"href":"https:\/\/atom-tech.pl\/index.php\/wp-json\/wp\/v2\/pages\/110\/revisions"}],"wp:attachment":[{"href":"https:\/\/atom-tech.pl\/index.php\/wp-json\/wp\/v2\/media?parent=110"}],"curies":[{"name":"wp","href":"https:\/\/api.w.org\/{rel}","templated":true}]}}