{"id":104,"date":"2015-05-08T19:56:13","date_gmt":"2015-05-08T17:56:13","guid":{"rendered":"http:\/\/serwer1383533.home.pl\/atom_wp\/?page_id=104"},"modified":"2015-05-08T19:56:13","modified_gmt":"2015-05-08T17:56:13","slug":"cloud-computing","status":"publish","type":"page","link":"https:\/\/atom-tech.pl\/index.php\/cloud-computing\/","title":{"rendered":"Cloud computing"},"content":{"rendered":"<p>[et_pb_section fb_built=&#8221;1&#8243; fullwidth=&#8221;on&#8221; custom_padding_last_edited=&#8221;on|desktop&#8221; _builder_version=&#8221;4.16&#8243; background_color=&#8221;#156fbf&#8221; background_image=&#8221;https:\/\/www.atom-tech.pl\/wp-content\/uploads\/2015\/05\/menu_subpage.jpg&#8221; custom_padding_tablet=&#8221;50px|0|50px|0&#8243; custom_padding_phone=&#8221;50px|0|50px|0&#8243; transparent_background=&#8221;off&#8221; padding_mobile=&#8221;off&#8221; make_fullwidth=&#8221;off&#8221; use_custom_width=&#8221;off&#8221; width_unit=&#8221;on&#8221; global_colors_info=&#8221;{}&#8221;][et_pb_fullwidth_header title=&#8221;Cloud computing&#8221; subhead=&#8221;Wirtualizacja umo\u017cliwia przes\u0142oni\u0119cie wykorzystywanego sprz\u0119tu przed systemami, kt\u00f3re z nich korzystaj\u0105 i w ten spos\u00f3b uniezale\u017cnienie tych system\u00f3w od faktycznie wykorzystywanego sprz\u0119tu. Na bazie wirtualizacji mo\u017cna zbudowa\u0107 \u015brodowiska typu Cloud Computing gdzie u\u017cytkownikom przekazuje si\u0119 jedynie wydzielony fragment wsp\u00f3\u0142dzielonego \u015brodowska.&#8221; content_max_width=&#8221;none&#8221; admin_label=&#8221;Fullwidth Header&#8221; _builder_version=&#8221;4.16&#8243; background_color=&#8221;rgba(255, 255, 255, 0)&#8221; global_colors_info=&#8221;{}&#8221; button_one_text_size__hover_enabled=&#8221;off&#8221; button_two_text_size__hover_enabled=&#8221;off&#8221; button_one_text_color__hover_enabled=&#8221;off&#8221; button_two_text_color__hover_enabled=&#8221;off&#8221; button_one_border_width__hover_enabled=&#8221;off&#8221; button_two_border_width__hover_enabled=&#8221;off&#8221; button_one_border_color__hover_enabled=&#8221;off&#8221; button_two_border_color__hover_enabled=&#8221;off&#8221; button_one_border_radius__hover_enabled=&#8221;off&#8221; button_two_border_radius__hover_enabled=&#8221;off&#8221; button_one_letter_spacing__hover_enabled=&#8221;off&#8221; button_two_letter_spacing__hover_enabled=&#8221;off&#8221; button_one_bg_color__hover_enabled=&#8221;off&#8221; button_two_bg_color__hover_enabled=&#8221;off&#8221;][\/et_pb_fullwidth_header][\/et_pb_section][et_pb_section fb_built=&#8221;1&#8243; _builder_version=&#8221;4.16&#8243; global_colors_info=&#8221;{}&#8221;][et_pb_row _builder_version=&#8221;4.16&#8243; background_size=&#8221;initial&#8221; background_position=&#8221;top_left&#8221; background_repeat=&#8221;repeat&#8221; global_colors_info=&#8221;{}&#8221;][et_pb_column type=&#8221;4_4&#8243; _builder_version=&#8221;4.16&#8243; custom_padding=&#8221;|||&#8221; global_colors_info=&#8221;{}&#8221; custom_padding__hover=&#8221;|||&#8221;][et_pb_text admin_label=&#8221;Text&#8221; _builder_version=&#8221;4.16&#8243; background_size=&#8221;initial&#8221; background_position=&#8221;top_left&#8221; background_repeat=&#8221;repeat&#8221; global_colors_info=&#8221;{}&#8221;]<b>Jest to szerokie poj\u0119cie odnosz\u0105ce si\u0119 do rozwi\u0105za\u0144 programowych i\/lub sprz\u0119towych umo\u017cliwiaj\u0105cych oddzielenie wykorzystywanych zasob\u00f3w sprz\u0119towych od system\u00f3w i\/lub aplikacji, kt\u00f3re z tych zasob\u00f3w korzystaj\u0105.<\/b>[\/et_pb_text][\/et_pb_column][\/et_pb_row][et_pb_row column_structure=&#8221;1_2,1_2&#8243; _builder_version=&#8221;4.16&#8243; background_size=&#8221;initial&#8221; background_position=&#8221;top_left&#8221; background_repeat=&#8221;repeat&#8221; global_colors_info=&#8221;{}&#8221;][et_pb_column type=&#8221;1_2&#8243; _builder_version=&#8221;4.16&#8243; custom_padding=&#8221;|||&#8221; global_colors_info=&#8221;{}&#8221; custom_padding__hover=&#8221;|||&#8221;][et_pb_text admin_label=&#8221;Tekst&#8221; _builder_version=&#8221;4.16&#8243; background_size=&#8221;initial&#8221; background_position=&#8221;top_left&#8221; background_repeat=&#8221;repeat&#8221; global_colors_info=&#8221;{}&#8221;]W tradycyjnym \u015brodowisku IT u\u017cywane systemy i aplikacje s\u0105 uruchomione bezpo\u015brednio na konkretnym typie sprz\u0119tu lub korzystaj\u0105 bezpo\u015brednio z konkretnych typ\u00f3w zasob\u00f3w. Systemy te s\u0105 \u015bci\u015ble zwi\u0105zane z wykorzystywanym sprz\u0119tem i nie mo\u017cna ich \u0142atwo przenie\u015b\u0107 na inny sprz\u0119t bez ingerencji w konfiguracj\u0119 samego systemu.<\/p>\n<p>Najlepszym przyk\u0142adem jest system operacyjny, kt\u00f3ry pracuj\u0105c na konkretnym typie serwera (z konkretn\u0105 p\u0142yt\u0105 g\u0142\u00f3wn\u0105, procesorem, kart\u0105 sieciow\u0105, kontrolerem dysk\u00f3w itp.) nie mo\u017ce zosta\u0107 szybko i bezproblemowo przeniesiony na inny sprz\u0119t (np. w przypadku awarii u\u017cywanego serwera) poniewa\u017c nowy sprz\u0119t b\u0119dzie mia\u0142 inne komponenty, kt\u00f3re wymagaj\u0105 innej obs\u0142ugi przez system operacyjny (np. b\u0119d\u0105 wymaga\u0142y innych sterownik\u00f3w).<\/p>\n<p>Dodatkowo wykorzystanie tradycyjnego modelu \u015brodowiska IT wi\u0105\u017ce si\u0119 r\u00f3wnie\u017c z wieloma ograniczeniami technicznymi, kt\u00f3rych nie da si\u0119 wyeliminowa\u0107 lub ich eliminacja jest nadmiernie kosztowna lub skomplikowana organizacyjnie. Technicznie oczywi\u015bcie da si\u0119 zakupi\u0107 drugi zapasowy serwer z takim samym systemem operacyjnym jak na serwerze podstawowym, kt\u00f3ry b\u0119dzie m\u00f3g\u0142 przej\u0105\u0107 zadania tego serwera w przypadku jego awarii, jednak konfiguracja taka jest zazwyczaj nazbyt droga w stosunku do korzy\u015bci, kt\u00f3re oferuje.[\/et_pb_text][\/et_pb_column][et_pb_column type=&#8221;1_2&#8243; _builder_version=&#8221;4.16&#8243; custom_padding=&#8221;|||&#8221; global_colors_info=&#8221;{}&#8221; custom_padding__hover=&#8221;|||&#8221;][et_pb_text admin_label=&#8221;Tekst&#8221; _builder_version=&#8221;4.16&#8243; background_size=&#8221;initial&#8221; background_position=&#8221;top_left&#8221; background_repeat=&#8221;repeat&#8221; global_colors_info=&#8221;{}&#8221;]W wirtualnym \u015brodowisku IT u\u017cywane systemy i aplikacje oddzielone s\u0105 od sprz\u0119tu i zasob\u00f3w, z kt\u00f3rych korzystaj\u0105 poprzez platform\u0119 wirtualizacji. Wprowadzenie warstwy wirtualizacji pomi\u0119dzy sprz\u0119t a u\u017cywane systemy pozwala uniezale\u017cni\u0107 si\u0119 od faktycznie wykorzystywanego sprz\u0119tu lub zasob\u00f3w co daje ogromne korzy\u015bci i dodatkowe mo\u017cliwo\u015bci.<\/p>\n<p>Podstawowym celem platformy wirtualizacji jest ukrycie faktycznego sprz\u0119tu lub zasob\u00f3w przed systemem, aplikacjami lub u\u017cytkownikami i udost\u0119pnienie konkretnego, sta\u0142ego \u015brodowiska niezale\u017cnego od faktycznie wykorzystywanych zasob\u00f3w sprz\u0119towych. Warstwa wirtualizacji ma w intencji producent\u00f3w by\u0107 dedykowanym i jak najmniejszym rozwi\u0105zaniem, kt\u00f3re b\u0119dzie spe\u0142nia\u0107 swoje zadanie bez negatywnych konsekwencji zwi\u0105zanych ze zmniejszeniem jako\u015bci i szybko\u015bci pracy wykorzystywanego sprz\u0119tu.<\/p>\n<p>System operacyjny, kt\u00f3ry pracuj\u0105c na warstwie wirtualizacji nie jest zwi\u0105zany z konkretnym typem serwera. Tak uruchomiony system mo\u017ce zosta\u0107 szybko i bezproblemowo przeniesiony na inny sprz\u0119t (np. w przypadku awarii u\u017cywanego serwera) poniewa\u017c na nowym sprz\u0119cie b\u0119dzie mia\u0142 do dyspozycji takie same wirtualne komponenty, kt\u00f3re mia\u0142 do dyspozycji dotychczas. Rozwi\u0105zania wirtualizacji udost\u0119pniaj\u0105 ca\u0142y szereg korzy\u015bci oraz nowych mo\u017cliwo\u015bci, kt\u00f3re dotychczas nie by\u0142y dost\u0119pne lub ich realizacja by\u0142a nazbyt kosztowna. Wiele rzeczy, kt\u00f3rych realizacja w tradycyjnym \u015brodowisku IT by\u0142a bardzo skomplikowana sta\u0142a si\u0119 w \u015brodowisku wirtualnym trywialnie prosta, a dodatkowo mo\u017cna wykona\u0107 wiele rzeczy, kt\u00f3re dotychczas by\u0142y wr\u0119cz niemo\u017cliwe do realizacji.[\/et_pb_text][\/et_pb_column][\/et_pb_row][et_pb_row _builder_version=&#8221;4.16&#8243; background_size=&#8221;initial&#8221; background_position=&#8221;top_left&#8221; background_repeat=&#8221;repeat&#8221; global_colors_info=&#8221;{}&#8221;][et_pb_column type=&#8221;4_4&#8243; _builder_version=&#8221;4.16&#8243; custom_padding=&#8221;|||&#8221; global_colors_info=&#8221;{}&#8221; custom_padding__hover=&#8221;|||&#8221;][et_pb_text admin_label=&#8221;Tekst&#8221; _builder_version=&#8221;4.17.6&#8243; background_size=&#8221;initial&#8221; background_position=&#8221;top_left&#8221; background_repeat=&#8221;repeat&#8221; global_colors_info=&#8221;{}&#8221;]<\/p>\n<p><b>Atom-tech oferuje swoim klientom rozwi\u0105zania wirtualizacyjne do budowy \u015brodowisk Cloud typu:<\/b><\/p>\n<hr \/>\n<ul>\n<li>Infrastructure as a Service (IaaS),<\/li>\n<li>Platform as a Service (PaaS),<\/li>\n<li>Software as a Service (SaaS).<\/li>\n<\/ul>\n<p>Rozwi\u0105zanie dobieramy indywidualnie dla ka\u017cdego klienta zgodnie z jego wymogami, mo\u017cliwo\u015bciami, dost\u0119pnymi technologiami czy polityk\u0105 dotycz\u0105c\u0105 sprz\u0119tu i oprogramowania jakie preferuje. Platformy wirtualizacyjne i konteneryzacyjne w tym technologie typu cloud budujemy, opr\u00f3cz standardowo dost\u0119pnych element\u00f3w Open Source, w oparciu o oprogramowanie firm takich jak:<\/p>\n<ul>\n<li>Red Hat<\/li>\n<li>IBM<\/li>\n<li>VMware<\/li>\n<li>SuSE<\/li>\n<\/ul>\n<p>Zajmujemy si\u0119 r\u00f3wnie\u017c migracj\u0105 z jednej technologii wirtualizacyjnej do innej, lub ze starszej wersji do nowszej tego samego producenta &#8211; je\u017celi pomi\u0119dzy wersjami zasz\u0142a konieczno\u015b\u0107 konwersji maszyn wirtualnych z jednego formatu na inny. Dla naszych klient\u00f3w oferujemy rozbudow\u0119 istniej\u0105cych rozwi\u0105za\u0144 oraz pe\u0142en zakres wsparcia dla posiadanych technologii i rozwi\u0105za\u0144. Nawet w przypadkach kiedy to nie Atom-tech by\u0142 dostawc\u0105 rozwi\u0105zania. Proponujemy r\u00f3wnie\u017c audyty Pa\u0144stwa infrastruktury wirtualnej w celu poprawienia jej wydajno\u015bci i skalowalno\u015bci.<\/p>\n<p>[\/et_pb_text][\/et_pb_column][\/et_pb_row][et_pb_row _builder_version=&#8221;4.16&#8243; background_size=&#8221;initial&#8221; background_position=&#8221;top_left&#8221; background_repeat=&#8221;repeat&#8221; global_colors_info=&#8221;{}&#8221;][et_pb_column type=&#8221;4_4&#8243; _builder_version=&#8221;4.16&#8243; custom_padding=&#8221;|||&#8221; global_colors_info=&#8221;{}&#8221; custom_padding__hover=&#8221;|||&#8221;][et_pb_image alt=&#8221;loga partnerow&#8221; title_text=&#8221;loga partnerow&#8221; show_bottom_space=&#8221;off&#8221; align_tablet=&#8221;center&#8221; align_phone=&#8221;center&#8221; align_last_edited=&#8221;on|desktop&#8221; admin_label=&#8221;loga partnerow&#8221; _builder_version=&#8221;4.17.6&#8243; hover_enabled=&#8221;0&#8243; use_border_color=&#8221;off&#8221; border_color=&#8221;#ffffff&#8221; border_style=&#8221;solid&#8221; animation=&#8221;off&#8221; sticky=&#8221;on&#8221; always_center_on_mobile=&#8221;on&#8221; global_colors_info=&#8221;{}&#8221; sticky_enabled=&#8221;0&#8243;][\/et_pb_image][\/et_pb_column][\/et_pb_row][\/et_pb_section]<\/p>\n","protected":false},"excerpt":{"rendered":"<p>Jest to szerokie poj\u0119cie odnosz\u0105ce si\u0119 do rozwi\u0105za\u0144 programowych i\/lub sprz\u0119towych umo\u017cliwiaj\u0105cych oddzielenie wykorzystywanych zasob\u00f3w sprz\u0119towych od system\u00f3w i\/lub aplikacji, kt\u00f3re z tych zasob\u00f3w korzystaj\u0105.W tradycyjnym \u015brodowisku IT u\u017cywane systemy i aplikacje s\u0105 uruchomione bezpo\u015brednio na konkretnym typie sprz\u0119tu lub korzystaj\u0105 bezpo\u015brednio z konkretnych typ\u00f3w zasob\u00f3w. Systemy te s\u0105 \u015bci\u015ble zwi\u0105zane z wykorzystywanym sprz\u0119tem i [&hellip;]<\/p>\n","protected":false},"author":2,"featured_media":0,"parent":0,"menu_order":0,"comment_status":"open","ping_status":"closed","template":"","meta":{"_et_pb_use_builder":"on","_et_pb_old_content":"","_et_gb_content_width":"","footnotes":""},"class_list":["post-104","page","type-page","status-publish","hentry"],"_links":{"self":[{"href":"https:\/\/atom-tech.pl\/index.php\/wp-json\/wp\/v2\/pages\/104","targetHints":{"allow":["GET"]}}],"collection":[{"href":"https:\/\/atom-tech.pl\/index.php\/wp-json\/wp\/v2\/pages"}],"about":[{"href":"https:\/\/atom-tech.pl\/index.php\/wp-json\/wp\/v2\/types\/page"}],"author":[{"embeddable":true,"href":"https:\/\/atom-tech.pl\/index.php\/wp-json\/wp\/v2\/users\/2"}],"replies":[{"embeddable":true,"href":"https:\/\/atom-tech.pl\/index.php\/wp-json\/wp\/v2\/comments?post=104"}],"version-history":[{"count":0,"href":"https:\/\/atom-tech.pl\/index.php\/wp-json\/wp\/v2\/pages\/104\/revisions"}],"wp:attachment":[{"href":"https:\/\/atom-tech.pl\/index.php\/wp-json\/wp\/v2\/media?parent=104"}],"curies":[{"name":"wp","href":"https:\/\/api.w.org\/{rel}","templated":true}]}}