{"id":101,"date":"2015-05-08T19:55:37","date_gmt":"2015-05-08T17:55:37","guid":{"rendered":"http:\/\/serwer1383533.home.pl\/atom_wp\/?page_id=101"},"modified":"2015-05-08T19:55:37","modified_gmt":"2015-05-08T17:55:37","slug":"technologie-klastrowe","status":"publish","type":"page","link":"https:\/\/atom-tech.pl\/index.php\/technologie-klastrowe\/","title":{"rendered":"Technologie klastrowe"},"content":{"rendered":"<p>[et_pb_section fb_built=&#8221;1&#8243; fullwidth=&#8221;on&#8221; custom_padding_last_edited=&#8221;on|desktop&#8221; _builder_version=&#8221;4.16&#8243; background_color=&#8221;#2ea3f2&#8243; background_image=&#8221;https:\/\/atom-tech.pl\/wp-content\/uploads\/2015\/05\/menu_subpage.jpg&#8221; custom_padding_tablet=&#8221;50px|0|50px|0&#8243; custom_padding_phone=&#8221;50px|0|50px|0&#8243; transparent_background=&#8221;off&#8221; padding_mobile=&#8221;off&#8221; make_fullwidth=&#8221;off&#8221; use_custom_width=&#8221;off&#8221; width_unit=&#8221;on&#8221; global_colors_info=&#8221;{}&#8221;][et_pb_fullwidth_header title=&#8221;Technologie klastrowe&#8221; content_max_width=&#8221;none&#8221; admin_label=&#8221;Fullwidth Header&#8221; _builder_version=&#8221;4.16&#8243; background_color=&#8221;rgba(255, 255, 255, 0)&#8221; global_colors_info=&#8221;{}&#8221; button_one_text_size__hover_enabled=&#8221;off&#8221; button_two_text_size__hover_enabled=&#8221;off&#8221; button_one_text_color__hover_enabled=&#8221;off&#8221; button_two_text_color__hover_enabled=&#8221;off&#8221; button_one_border_width__hover_enabled=&#8221;off&#8221; button_two_border_width__hover_enabled=&#8221;off&#8221; button_one_border_color__hover_enabled=&#8221;off&#8221; button_two_border_color__hover_enabled=&#8221;off&#8221; button_one_border_radius__hover_enabled=&#8221;off&#8221; button_two_border_radius__hover_enabled=&#8221;off&#8221; button_one_letter_spacing__hover_enabled=&#8221;off&#8221; button_two_letter_spacing__hover_enabled=&#8221;off&#8221; button_one_bg_color__hover_enabled=&#8221;off&#8221; button_two_bg_color__hover_enabled=&#8221;off&#8221;][\/et_pb_fullwidth_header][\/et_pb_section][et_pb_section fb_built=&#8221;1&#8243; _builder_version=&#8221;4.16&#8243; global_colors_info=&#8221;{}&#8221;][et_pb_row column_structure=&#8221;1_4,3_4&#8243; _builder_version=&#8221;4.16&#8243; background_size=&#8221;initial&#8221; background_position=&#8221;top_left&#8221; background_repeat=&#8221;repeat&#8221; global_colors_info=&#8221;{}&#8221;][et_pb_column type=&#8221;1_4&#8243; _builder_version=&#8221;4.16&#8243; custom_padding=&#8221;|||&#8221; global_colors_info=&#8221;{}&#8221; custom_padding__hover=&#8221;|||&#8221;][et_pb_text admin_label=&#8221;Tekst&#8221; _builder_version=&#8221;4.16&#8243; background_size=&#8221;initial&#8221; background_position=&#8221;top_left&#8221; background_repeat=&#8221;repeat&#8221; global_colors_info=&#8221;{}&#8221;]<\/p>\n<h1><span style=\"color: #0a76a9; font-size: 18pt;\"><strong>Atom-tech specjalizuje si\u0119 w projektowaniu oraz wdra\u017caniu klastr\u00f3w wysokiej dost\u0119pno\u015bci.<\/strong><\/span><\/h1>\n<p>[\/et_pb_text][\/et_pb_column][et_pb_column type=&#8221;3_4&#8243; _builder_version=&#8221;4.16&#8243; custom_padding=&#8221;|||&#8221; global_colors_info=&#8221;{}&#8221; custom_padding__hover=&#8221;|||&#8221;][et_pb_text admin_label=&#8221;Tekst&#8221; _builder_version=&#8221;4.16&#8243; background_size=&#8221;initial&#8221; background_position=&#8221;top_left&#8221; background_repeat=&#8221;repeat&#8221; global_colors_info=&#8221;{}&#8221;]<\/p>\n<p><strong>Wprowadzenie<\/strong><\/p>\n<hr \/>\n<p>Dost\u0119pno\u015b\u0107 i skalowalno\u015b\u0107 staj\u0105 si\u0119 bardzo istotne w organizacjach, w kt\u00f3rych s\u0105 wdra\u017cane krytyczne z punktu widzenia prowadzonej dzia\u0142alno\u015bci aplikacje. Atom-tech specjalizuje si\u0119 w projektowaniu oraz wdra\u017caniu klastr\u00f3w wysokiej dost\u0119pno\u015bci w oparciu o technologie wybrane lub aktualnie posiadane przez klienta, na przyk\u0142ad takich firm jak:<\/p>\n<ul>\n<li>Red Hat<\/li>\n<li>IBM<\/li>\n<li>VMware<\/li>\n<li>DeLL<\/li>\n<li>HPE<\/li>\n<\/ul>\n<p>W ostatnich latach nast\u0105pi\u0142 ogromny skok w zakresie wyd\u0142u\u017cenia czasu pracy (dost\u0119pno\u015bci), zmniejszenia awaryjno\u015bci systemu (niezawodno\u015bci) oraz mo\u017cliwo\u015bci dodawania zasob\u00f3w i komputer\u00f3w w celu zwi\u0119kszenia wydajno\u015bci (skalowalno\u015bci) rozwi\u0105za\u0144 klastrowych. Opr\u00f3cz tego technologii klastrowych do\u0142\u0105czy\u0142a wirtualizacja, daj\u0105c zupe\u0142nie nowe nie spotykane dot\u0105d mo\u017cliwo\u015bci. Pozwalaj\u0105 one na przyk\u0142ad na budow\u0119 prywatnych lub publicznych rozwi\u0105za\u0144 typu cloud.<\/p>\n<p>[\/et_pb_text][\/et_pb_column][\/et_pb_row][et_pb_row column_structure=&#8221;1_4,3_4&#8243; _builder_version=&#8221;4.16&#8243; background_size=&#8221;initial&#8221; background_position=&#8221;top_left&#8221; background_repeat=&#8221;repeat&#8221; global_colors_info=&#8221;{}&#8221;][et_pb_column type=&#8221;1_4&#8243; _builder_version=&#8221;4.16&#8243; custom_padding=&#8221;|||&#8221; global_colors_info=&#8221;{}&#8221; custom_padding__hover=&#8221;|||&#8221;][et_pb_text admin_label=&#8221;Tekst&#8221; _builder_version=&#8221;4.16&#8243; background_size=&#8221;initial&#8221; background_position=&#8221;top_left&#8221; background_repeat=&#8221;repeat&#8221; global_colors_info=&#8221;{}&#8221;]<\/p>\n<h1><span style=\"color: #0a76a9; font-size: 18pt;\"><b>Wi\u0119kszo\u015b\u0107 technologii jakie stosujemy w naszych rozwi\u0105zaniach pozwala na:<\/b><\/span><\/h1>\n<p>[\/et_pb_text][\/et_pb_column][et_pb_column type=&#8221;3_4&#8243; _builder_version=&#8221;4.16&#8243; custom_padding=&#8221;|||&#8221; global_colors_info=&#8221;{}&#8221; custom_padding__hover=&#8221;|||&#8221;][et_pb_text admin_label=&#8221;Tekst&#8221; _builder_version=&#8221;4.16&#8243; background_size=&#8221;initial&#8221; background_position=&#8221;top_left&#8221; background_repeat=&#8221;repeat&#8221; global_colors_info=&#8221;{}&#8221;]<\/p>\n<ul>\n<li><strong>R\u00f3wnowa\u017cenie obci\u0105\u017cenia sieciowego<\/strong> <em>(tzw. Load Balancing)<\/em>. Us\u0142uga ta r\u00f3wnomiernie rozk\u0142ada mi\u0119dzy elementy klastra obci\u0105\u017cenie wynikaj\u0105ce z przychodz\u0105cego ruchu w ramach protoko\u0142u TCP\/IP. R\u00f3wnowa\u017cenie obci\u0105\u017cenia sieciowego zwi\u0119ksza zar\u00f3wno dost\u0119pno\u015b\u0107, jak i skalowalno\u015b\u0107 takich us\u0142ug internetowych, jak us\u0142ugi sieci Web, strumieniowe us\u0142ugi medialne, us\u0142ugi terminalowe czy dost\u0119p do aplikacji webowych. Dzia\u0142aj\u0105c jako infrastruktura r\u00f3wnowa\u017c\u0105ca obci\u0105\u017cenie i dostarczaj\u0105ca informacji kontrolnych do aplikacji zarz\u0105dzaj\u0105cych, r\u00f3wnowa\u017cenie obci\u0105\u017cenia sieciowego mo\u017ce w spos\u00f3b niewidoczny \u0142\u0105czy\u0107 si\u0119 w jedn\u0105 ca\u0142o\u015b\u0107 z istniej\u0105cymi infrastrukturami farm serwera sieci Web.<\/li>\n<li><strong>R\u00f3wnowa\u017cenie obci\u0105\u017cenia sk\u0142adnik\u00f3w<\/strong>\u00a0 zapewnia dynamiczne r\u00f3wnowa\u017cenie obci\u0105\u017cenia aplikacji typu middleware korzystaj\u0105cych z r\u00f3\u017cnych technologii (Java, .Net itp.). Przy zastosowaniu r\u00f3wnowa\u017cenia obci\u0105\u017cenia sk\u0142adnik\u00f3w, elementy aplikacji na serwerach mog\u0105 by\u0107 \u0142adowane w spos\u00f3b zr\u00f3wnowa\u017cony w wielu w\u0119z\u0142ach, co radykalnie zwi\u0119ksza dost\u0119pno\u015b\u0107 i skalowalno\u015b\u0107 oprogramowania.<\/li>\n<li><strong>Klastry serwer\u00f3w wysokiej dost\u0119pno\u015bci.<\/strong> Klastry serwer\u00f3w zapewniaj\u0105 du\u017c\u0105 dost\u0119pno\u015b\u0107 i skalowalno\u015b\u0107 newralgicznych aplikacji, takich jak bazy danych, systemy obs\u0142ugi wiadomo\u015bci oraz obs\u0142ugi plik\u00f3w i drukowania. Je\u015bli jeden z w\u0119z\u0142\u00f3w w klastrze stanie si\u0119 niedost\u0119pny, albo z powodu planowego wy\u0142\u0105czenia w celu przeprowadzenia obs\u0142ugi, albo z powodu awarii, jego funkcje przejmuje inny w\u0119ze\u0142 w celu \u015bwiadczenia us\u0142ug dla u\u017cytkownik\u00f3w. Po takim przej\u0119ciu prac przez kolejny w\u0119ze\u0142 klastra u\u017cytkownicy korzystaj\u0105cy z us\u0142ugi klastrowania, korzystaj\u0105 z niej w dalszym ci\u0105gu, nie wiedz\u0105c o tym, \u017ce us\u0142uga jest teraz \u015bwiadczona przez inny serwer (w\u0119ze\u0142). W zale\u017cno\u015bci od zastosowanej technologii mo\u017cna budowa\u0107 systemy wysokiej dost\u0119pno\u015bci od 2 do 256 w\u0119z\u0142\u00f3w w pojedynczym klastrze. Nie ma natomiast ogranicze\u0144 co do ilo\u015bci aplikacji osadzonych w takim klastrze, jak r\u00f3wnie\u017c nie dokonuje si\u0119 zmian w samej aplikacji (nie jest ona \u015bwiadoma dzia\u0142ania w klastrze).<\/li>\n<\/ul>\n<p>[\/et_pb_text][\/et_pb_column][\/et_pb_row][et_pb_row column_structure=&#8221;1_2,1_2&#8243; _builder_version=&#8221;4.16&#8243; background_size=&#8221;initial&#8221; background_position=&#8221;top_left&#8221; background_repeat=&#8221;repeat&#8221; global_colors_info=&#8221;{}&#8221;][et_pb_column type=&#8221;1_2&#8243; _builder_version=&#8221;4.16&#8243; custom_padding=&#8221;|||&#8221; global_colors_info=&#8221;{}&#8221; custom_padding__hover=&#8221;|||&#8221;][et_pb_toggle title=&#8221;Zabezpieczenie przed przestojami&#8221; admin_label=&#8221;Zak\u0142adka rozwijana&#8221; _builder_version=&#8221;4.16&#8243; background_size=&#8221;initial&#8221; background_position=&#8221;top_left&#8221; background_repeat=&#8221;repeat&#8221; global_colors_info=&#8221;{}&#8221;]<\/p>\n<hr \/>\n<p><em><span style=\"color: #0a76a9;\">Technologie klastrowe jakie Pa\u0144stwu proponujemy daj\u0105 zabezpieczenie przed:<\/span><\/em><\/p>\n<ul>\n<li>Awariami aplikacji\/us\u0142ug wp\u0142ywaj\u0105cymi na oprogramowanie i podstawowe us\u0142ugi.<\/li>\n<li>Awariami systemu\/sprz\u0119tu wp\u0142ywaj\u0105cymi na elementy sprz\u0119tu (na przyk\u0142ad procesory, stacje dysk\u00f3w, pami\u0119\u0107, karty sieciowe, zasilacze i inne).<\/li>\n<li>Awariami lokacji, kt\u00f3re mog\u0105 by\u0107 spowodowane zwyk\u0142ym zniszczeniem, brakiem zasilania lub brakiem po\u0142\u0105czenia.<\/li>\n<li>Przestojami spowodowanymi planow\u0105 obs\u0142ug\u0105 pozwalaj\u0105c\u0105 na uaktualnienie aplikacji lub systemu operacyjnego, a tak\u017ce na zainstalowanie pakiet\u00f3w serwisowych lub najnowszych poprawek bez wy\u0142\u0105czania us\u0142ugi.<\/li>\n<\/ul>\n<p>[\/et_pb_toggle][\/et_pb_column][et_pb_column type=&#8221;1_2&#8243; _builder_version=&#8221;4.16&#8243; custom_padding=&#8221;|||&#8221; global_colors_info=&#8221;{}&#8221; custom_padding__hover=&#8221;|||&#8221;][et_pb_toggle title=&#8221;Technologie klastrowe &#8211; cele i wymagania&#8221; admin_label=&#8221;Zak\u0142adka rozwijana&#8221; _builder_version=&#8221;4.25.2&#8243; background_size=&#8221;initial&#8221; background_position=&#8221;top_left&#8221; background_repeat=&#8221;repeat&#8221; hover_enabled=&#8221;0&#8243; global_colors_info=&#8221;{}&#8221; sticky_enabled=&#8221;0&#8243;]<\/p>\n<hr \/>\n<p><em><span style=\"color: #0a76a9;\">Ka\u017cda technologia zosta\u0142a opracowana w konkretnym celu i musi spe\u0142nia\u0107 r\u00f3\u017cne wymagania.<\/span><\/em><\/p>\n<ul>\n<li>R\u00f3wnowa\u017cenie obci\u0105\u017cenia sieciowego s\u0142u\u017cy do rozwi\u0105zywania problem\u00f3w skalowalno\u015bci i dost\u0119pno\u015bci zewn\u0119trznych us\u0142ug sieci Web oraz serwer\u00f3w brzegowych, takich jak serwery VPN, zapory itp.<\/li>\n<li>R\u00f3wnowa\u017cenie obci\u0105\u017cenia sk\u0142adnik\u00f3w s\u0142u\u017cy do zaspokajania unikalnych potrzeb skalowalno\u015bci i dost\u0119pno\u015bci aplikacji \u015bredniego rz\u0119du.<\/li>\n<\/ul>\n<p>Klaster serwer\u00f3w s\u0142u\u017cy do obs\u0142ugi pracy awaryjnej dla us\u0142ug wewn\u0119trznych baz danych lub us\u0142ug d\u0142ugoterminowych, z kt\u00f3rymi zwi\u0105zany jest stan i dane (na przyk\u0142ad us\u0142ug drukowania).<\/p>\n<p>[\/et_pb_toggle][\/et_pb_column][\/et_pb_row][et_pb_row _builder_version=&#8221;4.16&#8243; background_size=&#8221;initial&#8221; background_position=&#8221;top_left&#8221; background_repeat=&#8221;repeat&#8221; global_colors_info=&#8221;{}&#8221;][et_pb_column type=&#8221;4_4&#8243; _builder_version=&#8221;4.16&#8243; custom_padding=&#8221;|||&#8221; global_colors_info=&#8221;{}&#8221; custom_padding__hover=&#8221;|||&#8221;][et_pb_image alt=&#8221;loga partnerzy&#8221; title_text=&#8221;loga partnerzy&#8221; show_bottom_space=&#8221;off&#8221; align_tablet=&#8221;center&#8221; align_phone=&#8221;center&#8221; align_last_edited=&#8221;on|desktop&#8221; admin_label=&#8221;loga partnerzy&#8221; _builder_version=&#8221;4.17.6&#8243; animation=&#8221;off&#8221; sticky=&#8221;on&#8221; global_colors_info=&#8221;{}&#8221;][\/et_pb_image][\/et_pb_column][\/et_pb_row][\/et_pb_section]<\/p>\n","protected":false},"excerpt":{"rendered":"<p>Atom-tech specjalizuje si\u0119 w projektowaniu oraz wdra\u017caniu klastr\u00f3w wysokiej dost\u0119pno\u015bci. Wprowadzenie Dost\u0119pno\u015b\u0107 i skalowalno\u015b\u0107 staj\u0105 si\u0119 bardzo istotne w organizacjach, w kt\u00f3rych s\u0105 wdra\u017cane krytyczne z punktu widzenia prowadzonej dzia\u0142alno\u015bci aplikacje. Atom-tech specjalizuje si\u0119 w projektowaniu oraz wdra\u017caniu klastr\u00f3w wysokiej dost\u0119pno\u015bci w oparciu o technologie wybrane lub aktualnie posiadane przez klienta, na przyk\u0142ad takich firm [&hellip;]<\/p>\n","protected":false},"author":2,"featured_media":0,"parent":0,"menu_order":0,"comment_status":"open","ping_status":"closed","template":"","meta":{"_et_pb_use_builder":"on","_et_pb_old_content":"<p>[et_pb_section fullwidth=\"on\" specialty=\"off\" inner_shadow=\"off\" parallax=\"off\" background_color=\"#2ea3f2\" background_image=\"https:\/\/atom-tech.pl\/wp-content\/uploads\/2015\/05\/menu_subpage.jpg\" transparent_background=\"off\" allow_player_pause=\"off\" parallax_method=\"off\" padding_mobile=\"off\" make_fullwidth=\"off\" use_custom_width=\"off\" width_unit=\"on\" make_equal=\"off\" use_custom_gutter=\"off\"][et_pb_fullwidth_header admin_label=\"Fullwidth Header\" title=\"Technologie klastrowe\" subhead=\"\" background_layout=\"dark\" text_orientation=\"left\" \/][\/et_pb_section][et_pb_section][et_pb_row][et_pb_column type=\"1_4\"][et_pb_text admin_label=\"Tekst\" background_layout=\"light\" text_orientation=\"left\"]<\/p><h1><span style=\"color: #0a76a9; font-size: 18pt;\"><strong>Atom-tech specjalizuje si\u0119 w projektowaniu oraz wdra\u017caniu klastr\u00f3w wysokiej dost\u0119pno\u015bci.<\/strong><\/span><\/h1><p>[\/et_pb_text][\/et_pb_column][et_pb_column type=\"3_4\"][et_pb_text admin_label=\"Tekst\" background_layout=\"light\" text_orientation=\"left\"]<\/p><p><strong>Wprowadzenie<\/strong><\/p><hr \/><p>Dost\u0119pno\u015b\u0107 i skalowalno\u015b\u0107 staj\u0105 si\u0119 bardzo istotne w organizacjach, w kt\u00f3rych s\u0105 wdra\u017cane krytyczne z punktu widzenia prowadzonej dzia\u0142alno\u015bci aplikacje. Atom-tech specjalizuje si\u0119 w projektowaniu oraz wdra\u017caniu klastr\u00f3w wysokiej dost\u0119pno\u015bci w oparciu o technologie wybrane lub aktualnie posiadane przez klienta, na przyk\u0142ad takich firm jak:<\/p><ul><li>Red Hat<\/li><li>IBM<\/li><li>VMware<\/li><li>DeLL<\/li><li>HPE<\/li><li>Microsoft<\/li><\/ul><p>W ostatnich latach nast\u0105pi\u0142 ogromny skok w zakresie wyd\u0142u\u017cenia czasu pracy (dost\u0119pno\u015bci), zmniejszenia awaryjno\u015bci systemu (niezawodno\u015bci) oraz mo\u017cliwo\u015bci dodawania zasob\u00f3w i komputer\u00f3w w celu zwi\u0119kszenia wydajno\u015bci (skalowalno\u015bci) rozwi\u0105za\u0144 klastrowych. Opr\u00f3cz tego technologii klastrowych do\u0142\u0105czy\u0142a wirtualizacja, daj\u0105c zupe\u0142nie nowe nie spotykane dot\u0105d mo\u017cliwo\u015bci. Pozwalaj\u0105 one na przyk\u0142ad na budow\u0119 prywatnych lub publicznych rozwi\u0105za\u0144 typu cloud.<\/p><p>[\/et_pb_text][\/et_pb_column][\/et_pb_row][et_pb_row][et_pb_column type=\"1_4\"][et_pb_text admin_label=\"Tekst\" background_layout=\"light\" text_orientation=\"left\"]<\/p><h1><span style=\"color: #0a76a9; font-size: 18pt;\"><b>Wi\u0119kszo\u015b\u0107 technologii jakie stosujemy w naszych rozwi\u0105zaniach pozwala na:<\/b><\/span><\/h1><p>[\/et_pb_text][\/et_pb_column][et_pb_column type=\"3_4\"][et_pb_text admin_label=\"Tekst\" background_layout=\"light\" text_orientation=\"left\"]<\/p><ul><li><strong>R\u00f3wnowa\u017cenie obci\u0105\u017cenia sieciowego<\/strong> <em>(tzw. Load Balancing)<\/em>. Us\u0142uga ta r\u00f3wnomiernie rozk\u0142ada mi\u0119dzy elementy klastra obci\u0105\u017cenie wynikaj\u0105ce z przychodz\u0105cego ruchu w ramach protoko\u0142u TCP\/IP. R\u00f3wnowa\u017cenie obci\u0105\u017cenia sieciowego zwi\u0119ksza zar\u00f3wno dost\u0119pno\u015b\u0107, jak i skalowalno\u015b\u0107 takich us\u0142ug internetowych, jak us\u0142ugi sieci Web, strumieniowe us\u0142ugi medialne, us\u0142ugi terminalowe czy dost\u0119p do aplikacji webowych. Dzia\u0142aj\u0105c jako infrastruktura r\u00f3wnowa\u017c\u0105ca obci\u0105\u017cenie i dostarczaj\u0105ca informacji kontrolnych do aplikacji zarz\u0105dzaj\u0105cych, r\u00f3wnowa\u017cenie obci\u0105\u017cenia sieciowego mo\u017ce w spos\u00f3b niewidoczny \u0142\u0105czy\u0107 si\u0119 w jedn\u0105 ca\u0142o\u015b\u0107 z istniej\u0105cymi infrastrukturami farm serwera sieci Web.<\/li><li><strong>R\u00f3wnowa\u017cenie obci\u0105\u017cenia sk\u0142adnik\u00f3w<\/strong>\u00a0 zapewnia dynamiczne r\u00f3wnowa\u017cenie obci\u0105\u017cenia aplikacji typu middleware korzystaj\u0105cych z r\u00f3\u017cnych technologii (Java, .Net itp.). Przy zastosowaniu r\u00f3wnowa\u017cenia obci\u0105\u017cenia sk\u0142adnik\u00f3w, elementy aplikacji na serwerach mog\u0105 by\u0107 \u0142adowane w spos\u00f3b zr\u00f3wnowa\u017cony w wielu w\u0119z\u0142ach, co radykalnie zwi\u0119ksza dost\u0119pno\u015b\u0107 i skalowalno\u015b\u0107 oprogramowania.<\/li><li><strong>Klastry serwer\u00f3w wysokiej dost\u0119pno\u015bci.<\/strong> Klastry serwer\u00f3w zapewniaj\u0105 du\u017c\u0105 dost\u0119pno\u015b\u0107 i skalowalno\u015b\u0107 newralgicznych aplikacji, takich jak bazy danych, systemy obs\u0142ugi wiadomo\u015bci oraz obs\u0142ugi plik\u00f3w i drukowania. Je\u015bli jeden z w\u0119z\u0142\u00f3w w klastrze stanie si\u0119 niedost\u0119pny, albo z powodu planowego wy\u0142\u0105czenia w celu przeprowadzenia obs\u0142ugi, albo z powodu awarii, jego funkcje przejmuje inny w\u0119ze\u0142 w celu \u015bwiadczenia us\u0142ug dla u\u017cytkownik\u00f3w. Po takim przej\u0119ciu prac przez kolejny w\u0119ze\u0142 klastra u\u017cytkownicy korzystaj\u0105cy z us\u0142ugi klastrowania, korzystaj\u0105 z niej w dalszym ci\u0105gu, nie wiedz\u0105c o tym, \u017ce us\u0142uga jest teraz \u015bwiadczona przez inny serwer (w\u0119ze\u0142). W zale\u017cno\u015bci od zastosowanej technologii mo\u017cna budowa\u0107 systemy wysokiej dost\u0119pno\u015bci od 2 do 256 w\u0119z\u0142\u00f3w w pojedynczym klastrze. Nie ma natomiast ogranicze\u0144 co do ilo\u015bci aplikacji osadzonych w takim klastrze, jak r\u00f3wnie\u017c nie dokonuje si\u0119 zmian w samej aplikacji (nie jest ona \u015bwiadoma dzia\u0142ania w klastrze).<\/li><\/ul><p>[\/et_pb_text][\/et_pb_column][\/et_pb_row][et_pb_row][et_pb_column type=\"1_2\"][et_pb_toggle admin_label=\"Zak\u0142adka rozwijana\" title=\"Zabezpieczenie przed przestojami\" open=\"off\"]<\/p><hr \/><p><em><span style=\"color: #0a76a9;\">Technologie klastrowe jakie Pa\u0144stwu proponujemy daj\u0105 zabezpieczenie przed:<\/span><\/em><\/p><ul><li>Awariami aplikacji\/us\u0142ug wp\u0142ywaj\u0105cymi na oprogramowanie i podstawowe us\u0142ugi.<\/li><li>Awariami systemu\/sprz\u0119tu wp\u0142ywaj\u0105cymi na elementy sprz\u0119tu (na przyk\u0142ad procesory, stacje dysk\u00f3w, pami\u0119\u0107, karty sieciowe, zasilacze i inne).<\/li><li>Awariami lokacji, kt\u00f3re mog\u0105 by\u0107 spowodowane zwyk\u0142ym zniszczeniem, brakiem zasilania lub brakiem po\u0142\u0105czenia.<\/li><li>Przestojami spowodowanymi planow\u0105 obs\u0142ug\u0105 pozwalaj\u0105c\u0105 na uaktualnienie aplikacji lub systemu operacyjnego, a tak\u017ce na zainstalowanie pakiet\u00f3w serwisowych lub najnowszych poprawek bez wy\u0142\u0105czania us\u0142ugi.<\/li><\/ul><p>[\/et_pb_toggle][\/et_pb_column][et_pb_column type=\"1_2\"][et_pb_toggle admin_label=\"Zak\u0142adka rozwijana\" title=\"Technologie klastrowe - cele i wymagania\" open=\"off\"]<\/p><hr \/><p><em><span style=\"color: #0a76a9;\">Ka\u017cda technologia zosta\u0142a opracowana w konkretnym celu i musi spe\u0142nia\u0107 r\u00f3\u017cne wymagania.<\/span><\/em><\/p><ul><li>R\u00f3wnowa\u017cenie obci\u0105\u017cenia sieciowego s\u0142u\u017cy do rozwi\u0105zywania problem\u00f3w skalowalno\u015bci i dost\u0119pno\u015bci zewn\u0119trznych us\u0142ug sieci Web oraz \u0084serwer\u00f3w brzegowych\u0094, takich jak serwery VPN, zapory itp.<\/li><li>R\u00f3wnowa\u017cenie obci\u0105\u017cenia sk\u0142adnik\u00f3w s\u0142u\u017cy do zaspokajania unikalnych potrzeb skalowalno\u015bci i dost\u0119pno\u015bci aplikacji \u015bredniego rz\u0119du.<\/li><\/ul><p>Klaster serwer\u00f3w s\u0142u\u017cy do obs\u0142ugi pracy awaryjnej dla us\u0142ug wewn\u0119trznych baz danych lub us\u0142ug d\u0142ugoterminowych, z kt\u00f3rymi zwi\u0105zany jest stan i dane (na przyk\u0142ad us\u0142ug drukowania).<\/p><p>[\/et_pb_toggle][\/et_pb_column][\/et_pb_row][et_pb_row][et_pb_column type=\"4_4\"][et_pb_image admin_label=\"loga partnerzy\" src=\"https:\/\/atom-tech.pl\/wp-content\/uploads\/2015\/05\/logowki.gif\" alt=\"loga partnerzy\" title_text=\"loga partnerzy\" show_in_lightbox=\"off\" url_new_window=\"off\" animation=\"off\" sticky=\"on\" \/][\/et_pb_column][\/et_pb_row][\/et_pb_section]<\/p>","_et_gb_content_width":"","footnotes":""},"class_list":["post-101","page","type-page","status-publish","hentry"],"_links":{"self":[{"href":"https:\/\/atom-tech.pl\/index.php\/wp-json\/wp\/v2\/pages\/101","targetHints":{"allow":["GET"]}}],"collection":[{"href":"https:\/\/atom-tech.pl\/index.php\/wp-json\/wp\/v2\/pages"}],"about":[{"href":"https:\/\/atom-tech.pl\/index.php\/wp-json\/wp\/v2\/types\/page"}],"author":[{"embeddable":true,"href":"https:\/\/atom-tech.pl\/index.php\/wp-json\/wp\/v2\/users\/2"}],"replies":[{"embeddable":true,"href":"https:\/\/atom-tech.pl\/index.php\/wp-json\/wp\/v2\/comments?post=101"}],"version-history":[{"count":0,"href":"https:\/\/atom-tech.pl\/index.php\/wp-json\/wp\/v2\/pages\/101\/revisions"}],"wp:attachment":[{"href":"https:\/\/atom-tech.pl\/index.php\/wp-json\/wp\/v2\/media?parent=101"}],"curies":[{"name":"wp","href":"https:\/\/api.w.org\/{rel}","templated":true}]}}